{"id":19196,"date":"2023-10-20T09:35:08","date_gmt":"2023-10-20T09:35:08","guid":{"rendered":"https:\/\/vinemp.com\/producto\/numero-vela-roja-grande"},"modified":"2023-12-21T14:44:27","modified_gmt":"2023-12-21T14:44:27","slug":"big-red-candle-number","status":"publish","type":"product","link":"https:\/\/vinemp.com\/en\/producto\/big-red-candle-number","title":{"rendered":"Large red candle 7.3CM \/ Box 12 units"},"content":{"rendered":"","protected":false},"excerpt":{"rendered":"<p>Large red candle 7.3CM in pick<\/p>\n<p>Box 12 units<\/p>\n","protected":false},"featured_media":19163,"template":"","meta":[],"product_brand":[],"product_cat":[477,478],"product_tag":[],"class_list":{"0":"post-19196","1":"product","2":"type-product","3":"status-publish","4":"has-post-thumbnail","6":"product_cat-candle","7":"product_cat-with-number","8":"pa_numero-338","9":"pa_numero-431","10":"pa_numero-339","11":"pa_numero-433","12":"pa_numero-340","13":"pa_numero-341","14":"pa_numero-342","15":"pa_numero-432","16":"pa_numero-343","17":"pa_numero-344","18":"pa_numero-345","19":"pa_numero-346","21":"first","22":"instock","23":"taxable","24":"shipping-taxable","25":"product-type-variable"},"yoast_head":"<!-- This site is optimized with the Yoast SEO plugin v27.4 - https:\/\/yoast.com\/product\/yoast-seo-wordpress\/ -->\n<title>Large red candle 7.3CM \/ Box 12 units - Vinemp - Empresa de art\u00edculos decorativos para pasteler\u00edas y decoraci\u00f3n de escaparates.<\/title>\n<meta name=\"robots\" content=\"index, follow, max-snippet:-1, max-image-preview:large, max-video-preview:-1\" \/>\n<link rel=\"canonical\" href=\"https:\/\/vinemp.com\/en\/producto\/big-red-candle-number\" \/>\n<meta property=\"og:locale\" content=\"en_US\" \/>\n<meta property=\"og:type\" content=\"article\" \/>\n<meta property=\"og:title\" content=\"Large red candle 7.3CM \/ Box 12 units - Vinemp - Empresa de art\u00edculos decorativos para pasteler\u00edas y decoraci\u00f3n de escaparates.\" \/>\n<meta property=\"og:description\" content=\"Large red candle 7.3CM in pick  Box 12 units\" \/>\n<meta property=\"og:url\" content=\"https:\/\/vinemp.com\/en\/producto\/big-red-candle-number\" \/>\n<meta property=\"og:site_name\" content=\"Vinemp - Empresa de art\u00edculos decorativos para pasteler\u00edas y decoraci\u00f3n de escaparates.\" \/>\n<meta property=\"article:modified_time\" content=\"2023-12-21T14:44:27+00:00\" \/>\n<meta property=\"og:image\" content=\"https:\/\/vinemp.com\/wp-content\/uploads\/2023\/10\/vela-roja-grande.jpg\" \/>\n\t<meta property=\"og:image:width\" content=\"1080\" \/>\n\t<meta property=\"og:image:height\" content=\"1080\" \/>\n\t<meta property=\"og:image:type\" content=\"image\/jpeg\" \/>\n<meta name=\"twitter:card\" content=\"summary_large_image\" \/>\n<meta name=\"twitter:label1\" content=\"Est. reading time\" \/>\n\t<meta name=\"twitter:data1\" content=\"1 minute\" \/>\n<script type=\"application\/ld+json\" class=\"yoast-schema-graph\">{\"@context\":\"https:\\\/\\\/schema.org\",\"@graph\":[{\"@type\":\"WebPage\",\"@id\":\"https:\\\/\\\/vinemp.com\\\/en\\\/producto\\\/big-red-candle-number\",\"url\":\"https:\\\/\\\/vinemp.com\\\/en\\\/producto\\\/big-red-candle-number\",\"name\":\"Large red candle 7.3CM \\\/ Box 12 units - Vinemp - Empresa de art\u00edculos decorativos para pasteler\u00edas y decoraci\u00f3n de escaparates.\",\"isPartOf\":{\"@id\":\"https:\\\/\\\/vinemp.com\\\/en#website\"},\"primaryImageOfPage\":{\"@id\":\"https:\\\/\\\/vinemp.com\\\/en\\\/producto\\\/big-red-candle-number#primaryimage\"},\"image\":{\"@id\":\"https:\\\/\\\/vinemp.com\\\/en\\\/producto\\\/big-red-candle-number#primaryimage\"},\"thumbnailUrl\":\"https:\\\/\\\/vinemp.com\\\/wp-content\\\/uploads\\\/2023\\\/10\\\/vela-roja-grande.jpg\",\"datePublished\":\"2023-10-20T09:35:08+00:00\",\"dateModified\":\"2023-12-21T14:44:27+00:00\",\"breadcrumb\":{\"@id\":\"https:\\\/\\\/vinemp.com\\\/en\\\/producto\\\/big-red-candle-number#breadcrumb\"},\"inLanguage\":\"en-US\",\"potentialAction\":[{\"@type\":\"ReadAction\",\"target\":[\"https:\\\/\\\/vinemp.com\\\/en\\\/producto\\\/big-red-candle-number\"]}]},{\"@type\":\"ImageObject\",\"inLanguage\":\"en-US\",\"@id\":\"https:\\\/\\\/vinemp.com\\\/en\\\/producto\\\/big-red-candle-number#primaryimage\",\"url\":\"https:\\\/\\\/vinemp.com\\\/wp-content\\\/uploads\\\/2023\\\/10\\\/vela-roja-grande.jpg\",\"contentUrl\":\"https:\\\/\\\/vinemp.com\\\/wp-content\\\/uploads\\\/2023\\\/10\\\/vela-roja-grande.jpg\",\"width\":1080,\"height\":1080},{\"@type\":\"BreadcrumbList\",\"@id\":\"https:\\\/\\\/vinemp.com\\\/en\\\/producto\\\/big-red-candle-number#breadcrumb\",\"itemListElement\":[{\"@type\":\"ListItem\",\"position\":1,\"name\":\"Portada\",\"item\":\"https:\\\/\\\/vinemp.com\\\/en\"},{\"@type\":\"ListItem\",\"position\":2,\"name\":\"Tienda\",\"item\":\"https:\\\/\\\/vinemp.com\\\/tienda\"},{\"@type\":\"ListItem\",\"position\":3,\"name\":\"Large red candle 7.3CM \\\/ Box 12 units\"}]},{\"@type\":\"WebSite\",\"@id\":\"https:\\\/\\\/vinemp.com\\\/en#website\",\"url\":\"https:\\\/\\\/vinemp.com\\\/en\",\"name\":\"Vinemp - Tienda de art\u00edculos de decoraci\u00f3n\",\"description\":\"Empresa de art\u00edculos decorativos para pasteler\u00edas y decoraci\u00f3n de escaparates.\",\"publisher\":{\"@id\":\"https:\\\/\\\/vinemp.com\\\/en#organization\"},\"potentialAction\":[{\"@type\":\"SearchAction\",\"target\":{\"@type\":\"EntryPoint\",\"urlTemplate\":\"https:\\\/\\\/vinemp.com\\\/en?s={search_term_string}\"},\"query-input\":{\"@type\":\"PropertyValueSpecification\",\"valueRequired\":true,\"valueName\":\"search_term_string\"}}],\"inLanguage\":\"en-US\"},{\"@type\":\"Organization\",\"@id\":\"https:\\\/\\\/vinemp.com\\\/en#organization\",\"name\":\"Vinemp - Tienda de art\u00edculos de decoraci\u00f3n\",\"url\":\"https:\\\/\\\/vinemp.com\\\/en\",\"logo\":{\"@type\":\"ImageObject\",\"inLanguage\":\"en-US\",\"@id\":\"https:\\\/\\\/vinemp.com\\\/en#\\\/schema\\\/logo\\\/image\\\/\",\"url\":\"https:\\\/\\\/vinemp.com\\\/wp-content\\\/uploads\\\/2023\\\/02\\\/cropped-vinemp-logo.png\",\"contentUrl\":\"https:\\\/\\\/vinemp.com\\\/wp-content\\\/uploads\\\/2023\\\/02\\\/cropped-vinemp-logo.png\",\"width\":758,\"height\":376,\"caption\":\"Vinemp - Tienda de art\u00edculos de decoraci\u00f3n\"},\"image\":{\"@id\":\"https:\\\/\\\/vinemp.com\\\/en#\\\/schema\\\/logo\\\/image\\\/\"}}]}<\/script>\n<!-- \/ Yoast SEO plugin. -->","yoast_head_json":{"title":"Large red candle 7.3CM \/ Box 12 units - Vinemp - Empresa de art\u00edculos decorativos para pasteler\u00edas y decoraci\u00f3n de escaparates.","robots":{"index":"index","follow":"follow","max-snippet":"max-snippet:-1","max-image-preview":"max-image-preview:large","max-video-preview":"max-video-preview:-1"},"canonical":"https:\/\/vinemp.com\/en\/producto\/big-red-candle-number","og_locale":"en_US","og_type":"article","og_title":"Large red candle 7.3CM \/ Box 12 units - Vinemp - Empresa de art\u00edculos decorativos para pasteler\u00edas y decoraci\u00f3n de escaparates.","og_description":"Large red candle 7.3CM in pick  Box 12 units","og_url":"https:\/\/vinemp.com\/en\/producto\/big-red-candle-number","og_site_name":"Vinemp - Empresa de art\u00edculos decorativos para pasteler\u00edas y decoraci\u00f3n de escaparates.","article_modified_time":"2023-12-21T14:44:27+00:00","og_image":[{"width":1080,"height":1080,"url":"https:\/\/vinemp.com\/wp-content\/uploads\/2023\/10\/vela-roja-grande.jpg","type":"image\/jpeg"}],"twitter_card":"summary_large_image","twitter_misc":{"Est. reading time":"1 minute"},"schema":{"@context":"https:\/\/schema.org","@graph":[{"@type":"WebPage","@id":"https:\/\/vinemp.com\/en\/producto\/big-red-candle-number","url":"https:\/\/vinemp.com\/en\/producto\/big-red-candle-number","name":"Large red candle 7.3CM \/ Box 12 units - Vinemp - Empresa de art\u00edculos decorativos para pasteler\u00edas y decoraci\u00f3n de escaparates.","isPartOf":{"@id":"https:\/\/vinemp.com\/en#website"},"primaryImageOfPage":{"@id":"https:\/\/vinemp.com\/en\/producto\/big-red-candle-number#primaryimage"},"image":{"@id":"https:\/\/vinemp.com\/en\/producto\/big-red-candle-number#primaryimage"},"thumbnailUrl":"https:\/\/vinemp.com\/wp-content\/uploads\/2023\/10\/vela-roja-grande.jpg","datePublished":"2023-10-20T09:35:08+00:00","dateModified":"2023-12-21T14:44:27+00:00","breadcrumb":{"@id":"https:\/\/vinemp.com\/en\/producto\/big-red-candle-number#breadcrumb"},"inLanguage":"en-US","potentialAction":[{"@type":"ReadAction","target":["https:\/\/vinemp.com\/en\/producto\/big-red-candle-number"]}]},{"@type":"ImageObject","inLanguage":"en-US","@id":"https:\/\/vinemp.com\/en\/producto\/big-red-candle-number#primaryimage","url":"https:\/\/vinemp.com\/wp-content\/uploads\/2023\/10\/vela-roja-grande.jpg","contentUrl":"https:\/\/vinemp.com\/wp-content\/uploads\/2023\/10\/vela-roja-grande.jpg","width":1080,"height":1080},{"@type":"BreadcrumbList","@id":"https:\/\/vinemp.com\/en\/producto\/big-red-candle-number#breadcrumb","itemListElement":[{"@type":"ListItem","position":1,"name":"Portada","item":"https:\/\/vinemp.com\/en"},{"@type":"ListItem","position":2,"name":"Tienda","item":"https:\/\/vinemp.com\/tienda"},{"@type":"ListItem","position":3,"name":"Large red candle 7.3CM \/ Box 12 units"}]},{"@type":"WebSite","@id":"https:\/\/vinemp.com\/en#website","url":"https:\/\/vinemp.com\/en","name":"Vinemp - Tienda de art\u00edculos de decoraci\u00f3n","description":"Empresa de art\u00edculos decorativos para pasteler\u00edas y decoraci\u00f3n de escaparates.","publisher":{"@id":"https:\/\/vinemp.com\/en#organization"},"potentialAction":[{"@type":"SearchAction","target":{"@type":"EntryPoint","urlTemplate":"https:\/\/vinemp.com\/en?s={search_term_string}"},"query-input":{"@type":"PropertyValueSpecification","valueRequired":true,"valueName":"search_term_string"}}],"inLanguage":"en-US"},{"@type":"Organization","@id":"https:\/\/vinemp.com\/en#organization","name":"Vinemp - Tienda de art\u00edculos de decoraci\u00f3n","url":"https:\/\/vinemp.com\/en","logo":{"@type":"ImageObject","inLanguage":"en-US","@id":"https:\/\/vinemp.com\/en#\/schema\/logo\/image\/","url":"https:\/\/vinemp.com\/wp-content\/uploads\/2023\/02\/cropped-vinemp-logo.png","contentUrl":"https:\/\/vinemp.com\/wp-content\/uploads\/2023\/02\/cropped-vinemp-logo.png","width":758,"height":376,"caption":"Vinemp - Tienda de art\u00edculos de decoraci\u00f3n"},"image":{"@id":"https:\/\/vinemp.com\/en#\/schema\/logo\/image\/"}}]}},"_links":{"self":[{"href":"https:\/\/vinemp.com\/en\/wp-json\/wp\/v2\/product\/19196","targetHints":{"allow":["GET"]}}],"collection":[{"href":"https:\/\/vinemp.com\/en\/wp-json\/wp\/v2\/product"}],"about":[{"href":"https:\/\/vinemp.com\/en\/wp-json\/wp\/v2\/types\/product"}],"version-history":[{"count":0,"href":"https:\/\/vinemp.com\/en\/wp-json\/wp\/v2\/product\/19196\/revisions"}],"wp:featuredmedia":[{"embeddable":true,"href":"https:\/\/vinemp.com\/en\/wp-json\/wp\/v2\/media\/19163"}],"wp:attachment":[{"href":"https:\/\/vinemp.com\/en\/wp-json\/wp\/v2\/media?parent=19196"}],"wp:term":[{"taxonomy":"product_brand","embeddable":true,"href":"https:\/\/vinemp.com\/en\/wp-json\/wp\/v2\/product_brand?post=19196"},{"taxonomy":"product_cat","embeddable":true,"href":"https:\/\/vinemp.com\/en\/wp-json\/wp\/v2\/product_cat?post=19196"},{"taxonomy":"product_tag","embeddable":true,"href":"https:\/\/vinemp.com\/en\/wp-json\/wp\/v2\/product_tag?post=19196"}],"curies":[{"name":"wp","href":"https:\/\/api.w.org\/{rel}","templated":true}]}}