{"id":18593,"date":"2023-06-23T14:22:40","date_gmt":"2023-06-23T14:22:40","guid":{"rendered":"https:\/\/vinemp.com\/producto\/small-red-apple"},"modified":"2023-06-23T14:22:40","modified_gmt":"2023-06-23T14:22:40","slug":"small-red-apple","status":"publish","type":"product","link":"https:\/\/vinemp.com\/en\/producto\/small-red-apple","title":{"rendered":"small red apple"},"content":{"rendered":"","protected":false},"excerpt":{"rendered":"<p>Small Red Apple Replica<\/p>\n","protected":false},"featured_media":15253,"template":"","meta":[],"product_brand":[],"product_cat":[619],"product_tag":[],"class_list":{"0":"post-18593","1":"product","2":"type-product","3":"status-publish","4":"has-post-thumbnail","6":"product_cat-fictitious","8":"first","9":"instock","10":"taxable","11":"shipping-taxable","12":"product-type-simple"},"yoast_head":"<!-- This site is optimized with the Yoast SEO plugin v27.4 - https:\/\/yoast.com\/product\/yoast-seo-wordpress\/ -->\n<title>small red apple - Vinemp - Empresa de art\u00edculos decorativos para pasteler\u00edas y decoraci\u00f3n de escaparates.<\/title>\n<meta name=\"robots\" content=\"index, follow, max-snippet:-1, max-image-preview:large, max-video-preview:-1\" \/>\n<link rel=\"canonical\" href=\"https:\/\/vinemp.com\/en\/producto\/small-red-apple\" \/>\n<meta property=\"og:locale\" content=\"en_US\" \/>\n<meta property=\"og:type\" content=\"article\" \/>\n<meta property=\"og:title\" content=\"small red apple - Vinemp - Empresa de art\u00edculos decorativos para pasteler\u00edas y decoraci\u00f3n de escaparates.\" \/>\n<meta property=\"og:description\" content=\"Small Red Apple Replica\" \/>\n<meta property=\"og:url\" content=\"https:\/\/vinemp.com\/en\/producto\/small-red-apple\" \/>\n<meta property=\"og:site_name\" content=\"Vinemp - Empresa de art\u00edculos decorativos para pasteler\u00edas y decoraci\u00f3n de escaparates.\" \/>\n<meta property=\"og:image\" content=\"https:\/\/vinemp.com\/wp-content\/uploads\/2022\/12\/01063.jpg\" \/>\n\t<meta property=\"og:image:width\" content=\"1038\" \/>\n\t<meta property=\"og:image:height\" content=\"692\" \/>\n\t<meta property=\"og:image:type\" content=\"image\/jpeg\" \/>\n<meta name=\"twitter:card\" content=\"summary_large_image\" \/>\n<script type=\"application\/ld+json\" class=\"yoast-schema-graph\">{\"@context\":\"https:\\\/\\\/schema.org\",\"@graph\":[{\"@type\":\"WebPage\",\"@id\":\"https:\\\/\\\/vinemp.com\\\/en\\\/producto\\\/small-red-apple\",\"url\":\"https:\\\/\\\/vinemp.com\\\/en\\\/producto\\\/small-red-apple\",\"name\":\"small red apple - Vinemp - Empresa de art\u00edculos decorativos para pasteler\u00edas y decoraci\u00f3n de escaparates.\",\"isPartOf\":{\"@id\":\"https:\\\/\\\/vinemp.com\\\/en#website\"},\"primaryImageOfPage\":{\"@id\":\"https:\\\/\\\/vinemp.com\\\/en\\\/producto\\\/small-red-apple#primaryimage\"},\"image\":{\"@id\":\"https:\\\/\\\/vinemp.com\\\/en\\\/producto\\\/small-red-apple#primaryimage\"},\"thumbnailUrl\":\"https:\\\/\\\/vinemp.com\\\/wp-content\\\/uploads\\\/2022\\\/12\\\/01063.jpg\",\"datePublished\":\"2023-06-23T14:22:40+00:00\",\"breadcrumb\":{\"@id\":\"https:\\\/\\\/vinemp.com\\\/en\\\/producto\\\/small-red-apple#breadcrumb\"},\"inLanguage\":\"en-US\",\"potentialAction\":[{\"@type\":\"ReadAction\",\"target\":[\"https:\\\/\\\/vinemp.com\\\/en\\\/producto\\\/small-red-apple\"]}]},{\"@type\":\"ImageObject\",\"inLanguage\":\"en-US\",\"@id\":\"https:\\\/\\\/vinemp.com\\\/en\\\/producto\\\/small-red-apple#primaryimage\",\"url\":\"https:\\\/\\\/vinemp.com\\\/wp-content\\\/uploads\\\/2022\\\/12\\\/01063.jpg\",\"contentUrl\":\"https:\\\/\\\/vinemp.com\\\/wp-content\\\/uploads\\\/2022\\\/12\\\/01063.jpg\",\"width\":1038,\"height\":692},{\"@type\":\"BreadcrumbList\",\"@id\":\"https:\\\/\\\/vinemp.com\\\/en\\\/producto\\\/small-red-apple#breadcrumb\",\"itemListElement\":[{\"@type\":\"ListItem\",\"position\":1,\"name\":\"Portada\",\"item\":\"https:\\\/\\\/vinemp.com\\\/en\"},{\"@type\":\"ListItem\",\"position\":2,\"name\":\"Tienda\",\"item\":\"https:\\\/\\\/vinemp.com\\\/tienda\"},{\"@type\":\"ListItem\",\"position\":3,\"name\":\"small red apple\"}]},{\"@type\":\"WebSite\",\"@id\":\"https:\\\/\\\/vinemp.com\\\/en#website\",\"url\":\"https:\\\/\\\/vinemp.com\\\/en\",\"name\":\"Vinemp - Tienda de art\u00edculos de decoraci\u00f3n\",\"description\":\"Empresa de art\u00edculos decorativos para pasteler\u00edas y decoraci\u00f3n de escaparates.\",\"publisher\":{\"@id\":\"https:\\\/\\\/vinemp.com\\\/en#organization\"},\"potentialAction\":[{\"@type\":\"SearchAction\",\"target\":{\"@type\":\"EntryPoint\",\"urlTemplate\":\"https:\\\/\\\/vinemp.com\\\/en?s={search_term_string}\"},\"query-input\":{\"@type\":\"PropertyValueSpecification\",\"valueRequired\":true,\"valueName\":\"search_term_string\"}}],\"inLanguage\":\"en-US\"},{\"@type\":\"Organization\",\"@id\":\"https:\\\/\\\/vinemp.com\\\/en#organization\",\"name\":\"Vinemp - Tienda de art\u00edculos de decoraci\u00f3n\",\"url\":\"https:\\\/\\\/vinemp.com\\\/en\",\"logo\":{\"@type\":\"ImageObject\",\"inLanguage\":\"en-US\",\"@id\":\"https:\\\/\\\/vinemp.com\\\/en#\\\/schema\\\/logo\\\/image\\\/\",\"url\":\"https:\\\/\\\/vinemp.com\\\/wp-content\\\/uploads\\\/2023\\\/02\\\/cropped-vinemp-logo.png\",\"contentUrl\":\"https:\\\/\\\/vinemp.com\\\/wp-content\\\/uploads\\\/2023\\\/02\\\/cropped-vinemp-logo.png\",\"width\":758,\"height\":376,\"caption\":\"Vinemp - Tienda de art\u00edculos de decoraci\u00f3n\"},\"image\":{\"@id\":\"https:\\\/\\\/vinemp.com\\\/en#\\\/schema\\\/logo\\\/image\\\/\"}}]}<\/script>\n<!-- \/ Yoast SEO plugin. -->","yoast_head_json":{"title":"small red apple - Vinemp - Empresa de art\u00edculos decorativos para pasteler\u00edas y decoraci\u00f3n de escaparates.","robots":{"index":"index","follow":"follow","max-snippet":"max-snippet:-1","max-image-preview":"max-image-preview:large","max-video-preview":"max-video-preview:-1"},"canonical":"https:\/\/vinemp.com\/en\/producto\/small-red-apple","og_locale":"en_US","og_type":"article","og_title":"small red apple - Vinemp - Empresa de art\u00edculos decorativos para pasteler\u00edas y decoraci\u00f3n de escaparates.","og_description":"Small Red Apple Replica","og_url":"https:\/\/vinemp.com\/en\/producto\/small-red-apple","og_site_name":"Vinemp - Empresa de art\u00edculos decorativos para pasteler\u00edas y decoraci\u00f3n de escaparates.","og_image":[{"width":1038,"height":692,"url":"https:\/\/vinemp.com\/wp-content\/uploads\/2022\/12\/01063.jpg","type":"image\/jpeg"}],"twitter_card":"summary_large_image","schema":{"@context":"https:\/\/schema.org","@graph":[{"@type":"WebPage","@id":"https:\/\/vinemp.com\/en\/producto\/small-red-apple","url":"https:\/\/vinemp.com\/en\/producto\/small-red-apple","name":"small red apple - Vinemp - Empresa de art\u00edculos decorativos para pasteler\u00edas y decoraci\u00f3n de escaparates.","isPartOf":{"@id":"https:\/\/vinemp.com\/en#website"},"primaryImageOfPage":{"@id":"https:\/\/vinemp.com\/en\/producto\/small-red-apple#primaryimage"},"image":{"@id":"https:\/\/vinemp.com\/en\/producto\/small-red-apple#primaryimage"},"thumbnailUrl":"https:\/\/vinemp.com\/wp-content\/uploads\/2022\/12\/01063.jpg","datePublished":"2023-06-23T14:22:40+00:00","breadcrumb":{"@id":"https:\/\/vinemp.com\/en\/producto\/small-red-apple#breadcrumb"},"inLanguage":"en-US","potentialAction":[{"@type":"ReadAction","target":["https:\/\/vinemp.com\/en\/producto\/small-red-apple"]}]},{"@type":"ImageObject","inLanguage":"en-US","@id":"https:\/\/vinemp.com\/en\/producto\/small-red-apple#primaryimage","url":"https:\/\/vinemp.com\/wp-content\/uploads\/2022\/12\/01063.jpg","contentUrl":"https:\/\/vinemp.com\/wp-content\/uploads\/2022\/12\/01063.jpg","width":1038,"height":692},{"@type":"BreadcrumbList","@id":"https:\/\/vinemp.com\/en\/producto\/small-red-apple#breadcrumb","itemListElement":[{"@type":"ListItem","position":1,"name":"Portada","item":"https:\/\/vinemp.com\/en"},{"@type":"ListItem","position":2,"name":"Tienda","item":"https:\/\/vinemp.com\/tienda"},{"@type":"ListItem","position":3,"name":"small red apple"}]},{"@type":"WebSite","@id":"https:\/\/vinemp.com\/en#website","url":"https:\/\/vinemp.com\/en","name":"Vinemp - Tienda de art\u00edculos de decoraci\u00f3n","description":"Empresa de art\u00edculos decorativos para pasteler\u00edas y decoraci\u00f3n de escaparates.","publisher":{"@id":"https:\/\/vinemp.com\/en#organization"},"potentialAction":[{"@type":"SearchAction","target":{"@type":"EntryPoint","urlTemplate":"https:\/\/vinemp.com\/en?s={search_term_string}"},"query-input":{"@type":"PropertyValueSpecification","valueRequired":true,"valueName":"search_term_string"}}],"inLanguage":"en-US"},{"@type":"Organization","@id":"https:\/\/vinemp.com\/en#organization","name":"Vinemp - Tienda de art\u00edculos de decoraci\u00f3n","url":"https:\/\/vinemp.com\/en","logo":{"@type":"ImageObject","inLanguage":"en-US","@id":"https:\/\/vinemp.com\/en#\/schema\/logo\/image\/","url":"https:\/\/vinemp.com\/wp-content\/uploads\/2023\/02\/cropped-vinemp-logo.png","contentUrl":"https:\/\/vinemp.com\/wp-content\/uploads\/2023\/02\/cropped-vinemp-logo.png","width":758,"height":376,"caption":"Vinemp - Tienda de art\u00edculos de decoraci\u00f3n"},"image":{"@id":"https:\/\/vinemp.com\/en#\/schema\/logo\/image\/"}}]}},"_links":{"self":[{"href":"https:\/\/vinemp.com\/en\/wp-json\/wp\/v2\/product\/18593","targetHints":{"allow":["GET"]}}],"collection":[{"href":"https:\/\/vinemp.com\/en\/wp-json\/wp\/v2\/product"}],"about":[{"href":"https:\/\/vinemp.com\/en\/wp-json\/wp\/v2\/types\/product"}],"version-history":[{"count":0,"href":"https:\/\/vinemp.com\/en\/wp-json\/wp\/v2\/product\/18593\/revisions"}],"wp:featuredmedia":[{"embeddable":true,"href":"https:\/\/vinemp.com\/en\/wp-json\/wp\/v2\/media\/15253"}],"wp:attachment":[{"href":"https:\/\/vinemp.com\/en\/wp-json\/wp\/v2\/media?parent=18593"}],"wp:term":[{"taxonomy":"product_brand","embeddable":true,"href":"https:\/\/vinemp.com\/en\/wp-json\/wp\/v2\/product_brand?post=18593"},{"taxonomy":"product_cat","embeddable":true,"href":"https:\/\/vinemp.com\/en\/wp-json\/wp\/v2\/product_cat?post=18593"},{"taxonomy":"product_tag","embeddable":true,"href":"https:\/\/vinemp.com\/en\/wp-json\/wp\/v2\/product_tag?post=18593"}],"curies":[{"name":"wp","href":"https:\/\/api.w.org\/{rel}","templated":true}]}}