{"id":13457,"date":"2021-05-03T06:56:44","date_gmt":"2021-05-03T06:56:44","guid":{"rendered":"https:\/\/vinemp.com\/producto\/disney"},"modified":"2023-10-25T10:40:08","modified_gmt":"2023-10-25T10:40:08","slug":"disney-candles","status":"publish","type":"product","link":"https:\/\/vinemp.com\/en\/producto\/disney-candles","title":{"rendered":"Disney Candles"},"content":{"rendered":"","protected":false},"excerpt":{"rendered":"<p>Disney Candles<\/p>\n<p><span data-sheets-value=\"{&quot;1&quot;:2,&quot;2&quot;:&quot;24 sobres de 12 ud&quot;}\" data-sheets-userformat=\"{&quot;2&quot;:771,&quot;3&quot;:{&quot;1&quot;:0},&quot;4&quot;:[null,2,16711680],&quot;11&quot;:4,&quot;12&quot;:0}\">24 envelopes of 12 units<\/span><\/p>\n","protected":false},"featured_media":12573,"template":"","meta":[],"product_brand":[],"product_cat":[477,479],"product_tag":[],"class_list":{"0":"post-13457","1":"product","2":"type-product","3":"status-publish","4":"has-post-thumbnail","6":"product_cat-candle","7":"product_cat-without-number","8":"pa_disney-baby-mickey-minnie","9":"pa_disney-mikey","10":"pa_disney-minnie","11":"pa_disney-winney-de-pooh","13":"first","14":"instock","15":"taxable","16":"shipping-taxable","17":"product-type-variable","18":"has-default-attributes"},"yoast_head":"<!-- This site is optimized with the Yoast SEO plugin v27.4 - https:\/\/yoast.com\/product\/yoast-seo-wordpress\/ -->\n<title>Disney Candles - Vinemp - Empresa de art\u00edculos decorativos para pasteler\u00edas y decoraci\u00f3n de escaparates.<\/title>\n<meta name=\"robots\" content=\"index, follow, max-snippet:-1, max-image-preview:large, max-video-preview:-1\" \/>\n<link rel=\"canonical\" href=\"https:\/\/vinemp.com\/en\/producto\/disney-candles\" \/>\n<meta property=\"og:locale\" content=\"en_US\" \/>\n<meta property=\"og:type\" content=\"article\" \/>\n<meta property=\"og:title\" content=\"Disney Candles - Vinemp - Empresa de art\u00edculos decorativos para pasteler\u00edas y decoraci\u00f3n de escaparates.\" \/>\n<meta property=\"og:description\" content=\"Disney Candles  24 envelopes of 12 units\" \/>\n<meta property=\"og:url\" content=\"https:\/\/vinemp.com\/en\/producto\/disney-candles\" \/>\n<meta property=\"og:site_name\" content=\"Vinemp - Empresa de art\u00edculos decorativos para pasteler\u00edas y decoraci\u00f3n de escaparates.\" \/>\n<meta property=\"article:modified_time\" content=\"2023-10-25T10:40:08+00:00\" \/>\n<meta property=\"og:image\" content=\"https:\/\/vinemp.com\/wp-content\/uploads\/2021\/05\/ESP312-Mikey.jpg\" \/>\n\t<meta property=\"og:image:width\" content=\"1080\" \/>\n\t<meta property=\"og:image:height\" content=\"1080\" \/>\n\t<meta property=\"og:image:type\" content=\"image\/jpeg\" \/>\n<meta name=\"twitter:card\" content=\"summary_large_image\" \/>\n<script type=\"application\/ld+json\" class=\"yoast-schema-graph\">{\"@context\":\"https:\\\/\\\/schema.org\",\"@graph\":[{\"@type\":\"WebPage\",\"@id\":\"https:\\\/\\\/vinemp.com\\\/en\\\/producto\\\/disney-candles\",\"url\":\"https:\\\/\\\/vinemp.com\\\/en\\\/producto\\\/disney-candles\",\"name\":\"Disney Candles - Vinemp - Empresa de art\u00edculos decorativos para pasteler\u00edas y decoraci\u00f3n de escaparates.\",\"isPartOf\":{\"@id\":\"https:\\\/\\\/vinemp.com\\\/en#website\"},\"primaryImageOfPage\":{\"@id\":\"https:\\\/\\\/vinemp.com\\\/en\\\/producto\\\/disney-candles#primaryimage\"},\"image\":{\"@id\":\"https:\\\/\\\/vinemp.com\\\/en\\\/producto\\\/disney-candles#primaryimage\"},\"thumbnailUrl\":\"https:\\\/\\\/vinemp.com\\\/wp-content\\\/uploads\\\/2021\\\/05\\\/ESP312-Mikey.jpg\",\"datePublished\":\"2021-05-03T06:56:44+00:00\",\"dateModified\":\"2023-10-25T10:40:08+00:00\",\"breadcrumb\":{\"@id\":\"https:\\\/\\\/vinemp.com\\\/en\\\/producto\\\/disney-candles#breadcrumb\"},\"inLanguage\":\"en-US\",\"potentialAction\":[{\"@type\":\"ReadAction\",\"target\":[\"https:\\\/\\\/vinemp.com\\\/en\\\/producto\\\/disney-candles\"]}]},{\"@type\":\"ImageObject\",\"inLanguage\":\"en-US\",\"@id\":\"https:\\\/\\\/vinemp.com\\\/en\\\/producto\\\/disney-candles#primaryimage\",\"url\":\"https:\\\/\\\/vinemp.com\\\/wp-content\\\/uploads\\\/2021\\\/05\\\/ESP312-Mikey.jpg\",\"contentUrl\":\"https:\\\/\\\/vinemp.com\\\/wp-content\\\/uploads\\\/2021\\\/05\\\/ESP312-Mikey.jpg\",\"width\":1080,\"height\":1080},{\"@type\":\"BreadcrumbList\",\"@id\":\"https:\\\/\\\/vinemp.com\\\/en\\\/producto\\\/disney-candles#breadcrumb\",\"itemListElement\":[{\"@type\":\"ListItem\",\"position\":1,\"name\":\"Portada\",\"item\":\"https:\\\/\\\/vinemp.com\\\/en\"},{\"@type\":\"ListItem\",\"position\":2,\"name\":\"Tienda\",\"item\":\"https:\\\/\\\/vinemp.com\\\/tienda\"},{\"@type\":\"ListItem\",\"position\":3,\"name\":\"Disney Candles\"}]},{\"@type\":\"WebSite\",\"@id\":\"https:\\\/\\\/vinemp.com\\\/en#website\",\"url\":\"https:\\\/\\\/vinemp.com\\\/en\",\"name\":\"Vinemp - Tienda de art\u00edculos de decoraci\u00f3n\",\"description\":\"Empresa de art\u00edculos decorativos para pasteler\u00edas y decoraci\u00f3n de escaparates.\",\"publisher\":{\"@id\":\"https:\\\/\\\/vinemp.com\\\/en#organization\"},\"potentialAction\":[{\"@type\":\"SearchAction\",\"target\":{\"@type\":\"EntryPoint\",\"urlTemplate\":\"https:\\\/\\\/vinemp.com\\\/en?s={search_term_string}\"},\"query-input\":{\"@type\":\"PropertyValueSpecification\",\"valueRequired\":true,\"valueName\":\"search_term_string\"}}],\"inLanguage\":\"en-US\"},{\"@type\":\"Organization\",\"@id\":\"https:\\\/\\\/vinemp.com\\\/en#organization\",\"name\":\"Vinemp - Tienda de art\u00edculos de decoraci\u00f3n\",\"url\":\"https:\\\/\\\/vinemp.com\\\/en\",\"logo\":{\"@type\":\"ImageObject\",\"inLanguage\":\"en-US\",\"@id\":\"https:\\\/\\\/vinemp.com\\\/en#\\\/schema\\\/logo\\\/image\\\/\",\"url\":\"https:\\\/\\\/vinemp.com\\\/wp-content\\\/uploads\\\/2023\\\/02\\\/cropped-vinemp-logo.png\",\"contentUrl\":\"https:\\\/\\\/vinemp.com\\\/wp-content\\\/uploads\\\/2023\\\/02\\\/cropped-vinemp-logo.png\",\"width\":758,\"height\":376,\"caption\":\"Vinemp - Tienda de art\u00edculos de decoraci\u00f3n\"},\"image\":{\"@id\":\"https:\\\/\\\/vinemp.com\\\/en#\\\/schema\\\/logo\\\/image\\\/\"}}]}<\/script>\n<!-- \/ Yoast SEO plugin. -->","yoast_head_json":{"title":"Disney Candles - Vinemp - Empresa de art\u00edculos decorativos para pasteler\u00edas y decoraci\u00f3n de escaparates.","robots":{"index":"index","follow":"follow","max-snippet":"max-snippet:-1","max-image-preview":"max-image-preview:large","max-video-preview":"max-video-preview:-1"},"canonical":"https:\/\/vinemp.com\/en\/producto\/disney-candles","og_locale":"en_US","og_type":"article","og_title":"Disney Candles - Vinemp - Empresa de art\u00edculos decorativos para pasteler\u00edas y decoraci\u00f3n de escaparates.","og_description":"Disney Candles  24 envelopes of 12 units","og_url":"https:\/\/vinemp.com\/en\/producto\/disney-candles","og_site_name":"Vinemp - Empresa de art\u00edculos decorativos para pasteler\u00edas y decoraci\u00f3n de escaparates.","article_modified_time":"2023-10-25T10:40:08+00:00","og_image":[{"width":1080,"height":1080,"url":"https:\/\/vinemp.com\/wp-content\/uploads\/2021\/05\/ESP312-Mikey.jpg","type":"image\/jpeg"}],"twitter_card":"summary_large_image","schema":{"@context":"https:\/\/schema.org","@graph":[{"@type":"WebPage","@id":"https:\/\/vinemp.com\/en\/producto\/disney-candles","url":"https:\/\/vinemp.com\/en\/producto\/disney-candles","name":"Disney Candles - Vinemp - Empresa de art\u00edculos decorativos para pasteler\u00edas y decoraci\u00f3n de escaparates.","isPartOf":{"@id":"https:\/\/vinemp.com\/en#website"},"primaryImageOfPage":{"@id":"https:\/\/vinemp.com\/en\/producto\/disney-candles#primaryimage"},"image":{"@id":"https:\/\/vinemp.com\/en\/producto\/disney-candles#primaryimage"},"thumbnailUrl":"https:\/\/vinemp.com\/wp-content\/uploads\/2021\/05\/ESP312-Mikey.jpg","datePublished":"2021-05-03T06:56:44+00:00","dateModified":"2023-10-25T10:40:08+00:00","breadcrumb":{"@id":"https:\/\/vinemp.com\/en\/producto\/disney-candles#breadcrumb"},"inLanguage":"en-US","potentialAction":[{"@type":"ReadAction","target":["https:\/\/vinemp.com\/en\/producto\/disney-candles"]}]},{"@type":"ImageObject","inLanguage":"en-US","@id":"https:\/\/vinemp.com\/en\/producto\/disney-candles#primaryimage","url":"https:\/\/vinemp.com\/wp-content\/uploads\/2021\/05\/ESP312-Mikey.jpg","contentUrl":"https:\/\/vinemp.com\/wp-content\/uploads\/2021\/05\/ESP312-Mikey.jpg","width":1080,"height":1080},{"@type":"BreadcrumbList","@id":"https:\/\/vinemp.com\/en\/producto\/disney-candles#breadcrumb","itemListElement":[{"@type":"ListItem","position":1,"name":"Portada","item":"https:\/\/vinemp.com\/en"},{"@type":"ListItem","position":2,"name":"Tienda","item":"https:\/\/vinemp.com\/tienda"},{"@type":"ListItem","position":3,"name":"Disney Candles"}]},{"@type":"WebSite","@id":"https:\/\/vinemp.com\/en#website","url":"https:\/\/vinemp.com\/en","name":"Vinemp - Tienda de art\u00edculos de decoraci\u00f3n","description":"Empresa de art\u00edculos decorativos para pasteler\u00edas y decoraci\u00f3n de escaparates.","publisher":{"@id":"https:\/\/vinemp.com\/en#organization"},"potentialAction":[{"@type":"SearchAction","target":{"@type":"EntryPoint","urlTemplate":"https:\/\/vinemp.com\/en?s={search_term_string}"},"query-input":{"@type":"PropertyValueSpecification","valueRequired":true,"valueName":"search_term_string"}}],"inLanguage":"en-US"},{"@type":"Organization","@id":"https:\/\/vinemp.com\/en#organization","name":"Vinemp - Tienda de art\u00edculos de decoraci\u00f3n","url":"https:\/\/vinemp.com\/en","logo":{"@type":"ImageObject","inLanguage":"en-US","@id":"https:\/\/vinemp.com\/en#\/schema\/logo\/image\/","url":"https:\/\/vinemp.com\/wp-content\/uploads\/2023\/02\/cropped-vinemp-logo.png","contentUrl":"https:\/\/vinemp.com\/wp-content\/uploads\/2023\/02\/cropped-vinemp-logo.png","width":758,"height":376,"caption":"Vinemp - Tienda de art\u00edculos de decoraci\u00f3n"},"image":{"@id":"https:\/\/vinemp.com\/en#\/schema\/logo\/image\/"}}]}},"_links":{"self":[{"href":"https:\/\/vinemp.com\/en\/wp-json\/wp\/v2\/product\/13457","targetHints":{"allow":["GET"]}}],"collection":[{"href":"https:\/\/vinemp.com\/en\/wp-json\/wp\/v2\/product"}],"about":[{"href":"https:\/\/vinemp.com\/en\/wp-json\/wp\/v2\/types\/product"}],"version-history":[{"count":0,"href":"https:\/\/vinemp.com\/en\/wp-json\/wp\/v2\/product\/13457\/revisions"}],"wp:featuredmedia":[{"embeddable":true,"href":"https:\/\/vinemp.com\/en\/wp-json\/wp\/v2\/media\/12573"}],"wp:attachment":[{"href":"https:\/\/vinemp.com\/en\/wp-json\/wp\/v2\/media?parent=13457"}],"wp:term":[{"taxonomy":"product_brand","embeddable":true,"href":"https:\/\/vinemp.com\/en\/wp-json\/wp\/v2\/product_brand?post=13457"},{"taxonomy":"product_cat","embeddable":true,"href":"https:\/\/vinemp.com\/en\/wp-json\/wp\/v2\/product_cat?post=13457"},{"taxonomy":"product_tag","embeddable":true,"href":"https:\/\/vinemp.com\/en\/wp-json\/wp\/v2\/product_tag?post=13457"}],"curies":[{"name":"wp","href":"https:\/\/api.w.org\/{rel}","templated":true}]}}