{"id":13118,"date":"2021-07-13T23:08:10","date_gmt":"2021-07-13T23:08:10","guid":{"rendered":"https:\/\/vinemp.com\/producto\/vela-rayas-surtidas-colores"},"modified":"2022-10-04T15:21:55","modified_gmt":"2022-10-04T15:21:55","slug":"assorted-colored-striped-candle","status":"publish","type":"product","link":"https:\/\/vinemp.com\/en\/producto\/assorted-colored-striped-candle","title":{"rendered":"Assorted colored striped candle"},"content":{"rendered":"","protected":false},"excerpt":{"rendered":"<p>Assorted colored striped candle<\/p>\n<p><span data-sheets-value=\"{&quot;1&quot;:2,&quot;2&quot;:&quot;12 blisters de 24 ud&quot;}\" data-sheets-userformat=\"{&quot;2&quot;:515,&quot;3&quot;:{&quot;1&quot;:0},&quot;4&quot;:[null,2,16776960],&quot;12&quot;:0}\">12 blisters of 24 units.<\/span><\/p>\n","protected":false},"featured_media":12625,"template":"","meta":[],"product_brand":[],"product_cat":[477,479],"product_tag":[],"class_list":{"0":"post-13118","1":"product","2":"type-product","3":"status-publish","4":"has-post-thumbnail","6":"product_cat-candle","7":"product_cat-without-number","8":"pa_color-velas-pack-4-colors","10":"first","11":"instock","12":"taxable","13":"shipping-taxable","14":"product-type-variable"},"yoast_head":"<!-- This site is optimized with the Yoast SEO plugin v27.4 - https:\/\/yoast.com\/product\/yoast-seo-wordpress\/ -->\n<title>Assorted colored striped candle - Vinemp - Empresa de art\u00edculos decorativos para pasteler\u00edas y decoraci\u00f3n de escaparates.<\/title>\n<meta name=\"robots\" content=\"index, follow, max-snippet:-1, max-image-preview:large, max-video-preview:-1\" \/>\n<link rel=\"canonical\" href=\"https:\/\/vinemp.com\/en\/producto\/assorted-colored-striped-candle\" \/>\n<meta property=\"og:locale\" content=\"en_US\" \/>\n<meta property=\"og:type\" content=\"article\" \/>\n<meta property=\"og:title\" content=\"Assorted colored striped candle - Vinemp - Empresa de art\u00edculos decorativos para pasteler\u00edas y decoraci\u00f3n de escaparates.\" \/>\n<meta property=\"og:description\" content=\"Assorted colored striped candle  12 blisters of 24 units.\" \/>\n<meta property=\"og:url\" content=\"https:\/\/vinemp.com\/en\/producto\/assorted-colored-striped-candle\" \/>\n<meta property=\"og:site_name\" content=\"Vinemp - Empresa de art\u00edculos decorativos para pasteler\u00edas y decoraci\u00f3n de escaparates.\" \/>\n<meta property=\"article:modified_time\" content=\"2022-10-04T15:21:55+00:00\" \/>\n<meta property=\"og:image\" content=\"https:\/\/vinemp.com\/wp-content\/uploads\/2021\/07\/ESP2524.jpg\" \/>\n\t<meta property=\"og:image:width\" content=\"1080\" \/>\n\t<meta property=\"og:image:height\" content=\"1080\" \/>\n\t<meta property=\"og:image:type\" content=\"image\/jpeg\" \/>\n<meta name=\"twitter:card\" content=\"summary_large_image\" \/>\n<script type=\"application\/ld+json\" class=\"yoast-schema-graph\">{\"@context\":\"https:\\\/\\\/schema.org\",\"@graph\":[{\"@type\":\"WebPage\",\"@id\":\"https:\\\/\\\/vinemp.com\\\/en\\\/producto\\\/assorted-colored-striped-candle\",\"url\":\"https:\\\/\\\/vinemp.com\\\/en\\\/producto\\\/assorted-colored-striped-candle\",\"name\":\"Assorted colored striped candle - Vinemp - Empresa de art\u00edculos decorativos para pasteler\u00edas y decoraci\u00f3n de escaparates.\",\"isPartOf\":{\"@id\":\"https:\\\/\\\/vinemp.com\\\/en#website\"},\"primaryImageOfPage\":{\"@id\":\"https:\\\/\\\/vinemp.com\\\/en\\\/producto\\\/assorted-colored-striped-candle#primaryimage\"},\"image\":{\"@id\":\"https:\\\/\\\/vinemp.com\\\/en\\\/producto\\\/assorted-colored-striped-candle#primaryimage\"},\"thumbnailUrl\":\"https:\\\/\\\/vinemp.com\\\/wp-content\\\/uploads\\\/2021\\\/07\\\/ESP2524.jpg\",\"datePublished\":\"2021-07-13T23:08:10+00:00\",\"dateModified\":\"2022-10-04T15:21:55+00:00\",\"breadcrumb\":{\"@id\":\"https:\\\/\\\/vinemp.com\\\/en\\\/producto\\\/assorted-colored-striped-candle#breadcrumb\"},\"inLanguage\":\"en-US\",\"potentialAction\":[{\"@type\":\"ReadAction\",\"target\":[\"https:\\\/\\\/vinemp.com\\\/en\\\/producto\\\/assorted-colored-striped-candle\"]}]},{\"@type\":\"ImageObject\",\"inLanguage\":\"en-US\",\"@id\":\"https:\\\/\\\/vinemp.com\\\/en\\\/producto\\\/assorted-colored-striped-candle#primaryimage\",\"url\":\"https:\\\/\\\/vinemp.com\\\/wp-content\\\/uploads\\\/2021\\\/07\\\/ESP2524.jpg\",\"contentUrl\":\"https:\\\/\\\/vinemp.com\\\/wp-content\\\/uploads\\\/2021\\\/07\\\/ESP2524.jpg\",\"width\":1080,\"height\":1080},{\"@type\":\"BreadcrumbList\",\"@id\":\"https:\\\/\\\/vinemp.com\\\/en\\\/producto\\\/assorted-colored-striped-candle#breadcrumb\",\"itemListElement\":[{\"@type\":\"ListItem\",\"position\":1,\"name\":\"Portada\",\"item\":\"https:\\\/\\\/vinemp.com\\\/en\"},{\"@type\":\"ListItem\",\"position\":2,\"name\":\"Tienda\",\"item\":\"https:\\\/\\\/vinemp.com\\\/tienda\"},{\"@type\":\"ListItem\",\"position\":3,\"name\":\"Assorted colored striped candle\"}]},{\"@type\":\"WebSite\",\"@id\":\"https:\\\/\\\/vinemp.com\\\/en#website\",\"url\":\"https:\\\/\\\/vinemp.com\\\/en\",\"name\":\"Vinemp - Tienda de art\u00edculos de decoraci\u00f3n\",\"description\":\"Empresa de art\u00edculos decorativos para pasteler\u00edas y decoraci\u00f3n de escaparates.\",\"publisher\":{\"@id\":\"https:\\\/\\\/vinemp.com\\\/en#organization\"},\"potentialAction\":[{\"@type\":\"SearchAction\",\"target\":{\"@type\":\"EntryPoint\",\"urlTemplate\":\"https:\\\/\\\/vinemp.com\\\/en?s={search_term_string}\"},\"query-input\":{\"@type\":\"PropertyValueSpecification\",\"valueRequired\":true,\"valueName\":\"search_term_string\"}}],\"inLanguage\":\"en-US\"},{\"@type\":\"Organization\",\"@id\":\"https:\\\/\\\/vinemp.com\\\/en#organization\",\"name\":\"Vinemp - Tienda de art\u00edculos de decoraci\u00f3n\",\"url\":\"https:\\\/\\\/vinemp.com\\\/en\",\"logo\":{\"@type\":\"ImageObject\",\"inLanguage\":\"en-US\",\"@id\":\"https:\\\/\\\/vinemp.com\\\/en#\\\/schema\\\/logo\\\/image\\\/\",\"url\":\"https:\\\/\\\/vinemp.com\\\/wp-content\\\/uploads\\\/2023\\\/02\\\/cropped-vinemp-logo.png\",\"contentUrl\":\"https:\\\/\\\/vinemp.com\\\/wp-content\\\/uploads\\\/2023\\\/02\\\/cropped-vinemp-logo.png\",\"width\":758,\"height\":376,\"caption\":\"Vinemp - Tienda de art\u00edculos de decoraci\u00f3n\"},\"image\":{\"@id\":\"https:\\\/\\\/vinemp.com\\\/en#\\\/schema\\\/logo\\\/image\\\/\"}}]}<\/script>\n<!-- \/ Yoast SEO plugin. -->","yoast_head_json":{"title":"Assorted colored striped candle - Vinemp - Empresa de art\u00edculos decorativos para pasteler\u00edas y decoraci\u00f3n de escaparates.","robots":{"index":"index","follow":"follow","max-snippet":"max-snippet:-1","max-image-preview":"max-image-preview:large","max-video-preview":"max-video-preview:-1"},"canonical":"https:\/\/vinemp.com\/en\/producto\/assorted-colored-striped-candle","og_locale":"en_US","og_type":"article","og_title":"Assorted colored striped candle - Vinemp - Empresa de art\u00edculos decorativos para pasteler\u00edas y decoraci\u00f3n de escaparates.","og_description":"Assorted colored striped candle  12 blisters of 24 units.","og_url":"https:\/\/vinemp.com\/en\/producto\/assorted-colored-striped-candle","og_site_name":"Vinemp - Empresa de art\u00edculos decorativos para pasteler\u00edas y decoraci\u00f3n de escaparates.","article_modified_time":"2022-10-04T15:21:55+00:00","og_image":[{"width":1080,"height":1080,"url":"https:\/\/vinemp.com\/wp-content\/uploads\/2021\/07\/ESP2524.jpg","type":"image\/jpeg"}],"twitter_card":"summary_large_image","schema":{"@context":"https:\/\/schema.org","@graph":[{"@type":"WebPage","@id":"https:\/\/vinemp.com\/en\/producto\/assorted-colored-striped-candle","url":"https:\/\/vinemp.com\/en\/producto\/assorted-colored-striped-candle","name":"Assorted colored striped candle - Vinemp - Empresa de art\u00edculos decorativos para pasteler\u00edas y decoraci\u00f3n de escaparates.","isPartOf":{"@id":"https:\/\/vinemp.com\/en#website"},"primaryImageOfPage":{"@id":"https:\/\/vinemp.com\/en\/producto\/assorted-colored-striped-candle#primaryimage"},"image":{"@id":"https:\/\/vinemp.com\/en\/producto\/assorted-colored-striped-candle#primaryimage"},"thumbnailUrl":"https:\/\/vinemp.com\/wp-content\/uploads\/2021\/07\/ESP2524.jpg","datePublished":"2021-07-13T23:08:10+00:00","dateModified":"2022-10-04T15:21:55+00:00","breadcrumb":{"@id":"https:\/\/vinemp.com\/en\/producto\/assorted-colored-striped-candle#breadcrumb"},"inLanguage":"en-US","potentialAction":[{"@type":"ReadAction","target":["https:\/\/vinemp.com\/en\/producto\/assorted-colored-striped-candle"]}]},{"@type":"ImageObject","inLanguage":"en-US","@id":"https:\/\/vinemp.com\/en\/producto\/assorted-colored-striped-candle#primaryimage","url":"https:\/\/vinemp.com\/wp-content\/uploads\/2021\/07\/ESP2524.jpg","contentUrl":"https:\/\/vinemp.com\/wp-content\/uploads\/2021\/07\/ESP2524.jpg","width":1080,"height":1080},{"@type":"BreadcrumbList","@id":"https:\/\/vinemp.com\/en\/producto\/assorted-colored-striped-candle#breadcrumb","itemListElement":[{"@type":"ListItem","position":1,"name":"Portada","item":"https:\/\/vinemp.com\/en"},{"@type":"ListItem","position":2,"name":"Tienda","item":"https:\/\/vinemp.com\/tienda"},{"@type":"ListItem","position":3,"name":"Assorted colored striped candle"}]},{"@type":"WebSite","@id":"https:\/\/vinemp.com\/en#website","url":"https:\/\/vinemp.com\/en","name":"Vinemp - Tienda de art\u00edculos de decoraci\u00f3n","description":"Empresa de art\u00edculos decorativos para pasteler\u00edas y decoraci\u00f3n de escaparates.","publisher":{"@id":"https:\/\/vinemp.com\/en#organization"},"potentialAction":[{"@type":"SearchAction","target":{"@type":"EntryPoint","urlTemplate":"https:\/\/vinemp.com\/en?s={search_term_string}"},"query-input":{"@type":"PropertyValueSpecification","valueRequired":true,"valueName":"search_term_string"}}],"inLanguage":"en-US"},{"@type":"Organization","@id":"https:\/\/vinemp.com\/en#organization","name":"Vinemp - Tienda de art\u00edculos de decoraci\u00f3n","url":"https:\/\/vinemp.com\/en","logo":{"@type":"ImageObject","inLanguage":"en-US","@id":"https:\/\/vinemp.com\/en#\/schema\/logo\/image\/","url":"https:\/\/vinemp.com\/wp-content\/uploads\/2023\/02\/cropped-vinemp-logo.png","contentUrl":"https:\/\/vinemp.com\/wp-content\/uploads\/2023\/02\/cropped-vinemp-logo.png","width":758,"height":376,"caption":"Vinemp - Tienda de art\u00edculos de decoraci\u00f3n"},"image":{"@id":"https:\/\/vinemp.com\/en#\/schema\/logo\/image\/"}}]}},"_links":{"self":[{"href":"https:\/\/vinemp.com\/en\/wp-json\/wp\/v2\/product\/13118","targetHints":{"allow":["GET"]}}],"collection":[{"href":"https:\/\/vinemp.com\/en\/wp-json\/wp\/v2\/product"}],"about":[{"href":"https:\/\/vinemp.com\/en\/wp-json\/wp\/v2\/types\/product"}],"version-history":[{"count":0,"href":"https:\/\/vinemp.com\/en\/wp-json\/wp\/v2\/product\/13118\/revisions"}],"wp:featuredmedia":[{"embeddable":true,"href":"https:\/\/vinemp.com\/en\/wp-json\/wp\/v2\/media\/12625"}],"wp:attachment":[{"href":"https:\/\/vinemp.com\/en\/wp-json\/wp\/v2\/media?parent=13118"}],"wp:term":[{"taxonomy":"product_brand","embeddable":true,"href":"https:\/\/vinemp.com\/en\/wp-json\/wp\/v2\/product_brand?post=13118"},{"taxonomy":"product_cat","embeddable":true,"href":"https:\/\/vinemp.com\/en\/wp-json\/wp\/v2\/product_cat?post=13118"},{"taxonomy":"product_tag","embeddable":true,"href":"https:\/\/vinemp.com\/en\/wp-json\/wp\/v2\/product_tag?post=13118"}],"curies":[{"name":"wp","href":"https:\/\/api.w.org\/{rel}","templated":true}]}}