{"id":22724,"date":"2026-04-01T15:11:09","date_gmt":"2026-04-01T15:11:09","guid":{"rendered":"https:\/\/vinemp.com\/producto\/cinta-verde-roja-y-dorada-6mm-x-100mt"},"modified":"2026-04-01T15:14:17","modified_gmt":"2026-04-01T15:14:17","slug":"cinta-verde-roja-y-dorada-6mm-x-100mt","status":"publish","type":"product","link":"https:\/\/vinemp.com\/ca\/producto\/cinta-verde-roja-y-dorada-6mm-x-100mt","title":{"rendered":"Cinta verda, vermella i daurada (6mm x 100mt)"},"content":{"rendered":"","protected":false},"excerpt":{"rendered":"<p>Cinta verda, vermella i daurada (6mm x 100mt)<\/p>\n<p>&nbsp;<\/p>\n","protected":false},"featured_media":22721,"template":"","meta":[],"product_brand":[],"product_cat":[641],"product_tag":[],"class_list":{"0":"post-22724","1":"product","2":"type-product","3":"status-publish","4":"has-post-thumbnail","6":"product_cat-cintes","8":"first","9":"instock","10":"taxable","11":"shipping-taxable","12":"product-type-simple"},"yoast_head":"<!-- This site is optimized with the Yoast SEO plugin v27.4 - https:\/\/yoast.com\/product\/yoast-seo-wordpress\/ -->\n<title>Cinta verda, vermella i daurada (6mm x 100mt) - Vinemp - Empresa de art\u00edculos decorativos para pasteler\u00edas y decoraci\u00f3n de escaparates.<\/title>\n<meta name=\"robots\" content=\"index, follow, max-snippet:-1, max-image-preview:large, max-video-preview:-1\" \/>\n<link rel=\"canonical\" href=\"https:\/\/vinemp.com\/ca\/producto\/cinta-verde-roja-y-dorada-6mm-x-100mt\" \/>\n<meta property=\"og:locale\" content=\"ca_ES\" \/>\n<meta property=\"og:type\" content=\"article\" \/>\n<meta property=\"og:title\" content=\"Cinta verda, vermella i daurada (6mm x 100mt) - Vinemp - Empresa de art\u00edculos decorativos para pasteler\u00edas y decoraci\u00f3n de escaparates.\" \/>\n<meta property=\"og:description\" content=\"Cinta verda, vermella i daurada (6mm x 100mt)  &nbsp;\" \/>\n<meta property=\"og:url\" content=\"https:\/\/vinemp.com\/ca\/producto\/cinta-verde-roja-y-dorada-6mm-x-100mt\" \/>\n<meta property=\"og:site_name\" content=\"Vinemp - Empresa de art\u00edculos decorativos para pasteler\u00edas y decoraci\u00f3n de escaparates.\" \/>\n<meta property=\"article:modified_time\" content=\"2026-04-01T15:14:17+00:00\" \/>\n<meta property=\"og:image\" content=\"https:\/\/vinemp.com\/wp-content\/uploads\/2026\/04\/file_0000000009c871fdb302394c16aacf2b.png-1.png\" \/>\n\t<meta property=\"og:image:width\" content=\"1512\" \/>\n\t<meta property=\"og:image:height\" content=\"1512\" \/>\n\t<meta property=\"og:image:type\" content=\"image\/png\" \/>\n<meta name=\"twitter:card\" content=\"summary_large_image\" \/>\n<meta name=\"twitter:label1\" content=\"Temps estimat de lectura\" \/>\n\t<meta name=\"twitter:data1\" content=\"1 minut\" \/>\n<script type=\"application\/ld+json\" class=\"yoast-schema-graph\">{\"@context\":\"https:\\\/\\\/schema.org\",\"@graph\":[{\"@type\":\"WebPage\",\"@id\":\"https:\\\/\\\/vinemp.com\\\/ca\\\/producto\\\/cinta-verde-roja-y-dorada-6mm-x-100mt\",\"url\":\"https:\\\/\\\/vinemp.com\\\/ca\\\/producto\\\/cinta-verde-roja-y-dorada-6mm-x-100mt\",\"name\":\"Cinta verda, vermella i daurada (6mm x 100mt) - Vinemp - Empresa de art\u00edculos decorativos para pasteler\u00edas y decoraci\u00f3n de escaparates.\",\"isPartOf\":{\"@id\":\"https:\\\/\\\/vinemp.com\\\/ca#website\"},\"primaryImageOfPage\":{\"@id\":\"https:\\\/\\\/vinemp.com\\\/ca\\\/producto\\\/cinta-verde-roja-y-dorada-6mm-x-100mt#primaryimage\"},\"image\":{\"@id\":\"https:\\\/\\\/vinemp.com\\\/ca\\\/producto\\\/cinta-verde-roja-y-dorada-6mm-x-100mt#primaryimage\"},\"thumbnailUrl\":\"https:\\\/\\\/vinemp.com\\\/wp-content\\\/uploads\\\/2026\\\/04\\\/file_0000000009c871fdb302394c16aacf2b.png-1.png\",\"datePublished\":\"2026-04-01T15:11:09+00:00\",\"dateModified\":\"2026-04-01T15:14:17+00:00\",\"breadcrumb\":{\"@id\":\"https:\\\/\\\/vinemp.com\\\/ca\\\/producto\\\/cinta-verde-roja-y-dorada-6mm-x-100mt#breadcrumb\"},\"inLanguage\":\"ca\",\"potentialAction\":[{\"@type\":\"ReadAction\",\"target\":[\"https:\\\/\\\/vinemp.com\\\/ca\\\/producto\\\/cinta-verde-roja-y-dorada-6mm-x-100mt\"]}]},{\"@type\":\"ImageObject\",\"inLanguage\":\"ca\",\"@id\":\"https:\\\/\\\/vinemp.com\\\/ca\\\/producto\\\/cinta-verde-roja-y-dorada-6mm-x-100mt#primaryimage\",\"url\":\"https:\\\/\\\/vinemp.com\\\/wp-content\\\/uploads\\\/2026\\\/04\\\/file_0000000009c871fdb302394c16aacf2b.png-1.png\",\"contentUrl\":\"https:\\\/\\\/vinemp.com\\\/wp-content\\\/uploads\\\/2026\\\/04\\\/file_0000000009c871fdb302394c16aacf2b.png-1.png\",\"width\":1512,\"height\":1512},{\"@type\":\"BreadcrumbList\",\"@id\":\"https:\\\/\\\/vinemp.com\\\/ca\\\/producto\\\/cinta-verde-roja-y-dorada-6mm-x-100mt#breadcrumb\",\"itemListElement\":[{\"@type\":\"ListItem\",\"position\":1,\"name\":\"Portada\",\"item\":\"https:\\\/\\\/vinemp.com\\\/ca\"},{\"@type\":\"ListItem\",\"position\":2,\"name\":\"Tienda\",\"item\":\"https:\\\/\\\/vinemp.com\\\/tienda\"},{\"@type\":\"ListItem\",\"position\":3,\"name\":\"Cinta verda, vermella i daurada (6mm x 100mt)\"}]},{\"@type\":\"WebSite\",\"@id\":\"https:\\\/\\\/vinemp.com\\\/ca#website\",\"url\":\"https:\\\/\\\/vinemp.com\\\/ca\",\"name\":\"Vinemp - Tienda de art\u00edculos de decoraci\u00f3n\",\"description\":\"Empresa de art\u00edculos decorativos para pasteler\u00edas y decoraci\u00f3n de escaparates.\",\"publisher\":{\"@id\":\"https:\\\/\\\/vinemp.com\\\/ca#organization\"},\"potentialAction\":[{\"@type\":\"SearchAction\",\"target\":{\"@type\":\"EntryPoint\",\"urlTemplate\":\"https:\\\/\\\/vinemp.com\\\/ca?s={search_term_string}\"},\"query-input\":{\"@type\":\"PropertyValueSpecification\",\"valueRequired\":true,\"valueName\":\"search_term_string\"}}],\"inLanguage\":\"ca\"},{\"@type\":\"Organization\",\"@id\":\"https:\\\/\\\/vinemp.com\\\/ca#organization\",\"name\":\"Vinemp - Tienda de art\u00edculos de decoraci\u00f3n\",\"url\":\"https:\\\/\\\/vinemp.com\\\/ca\",\"logo\":{\"@type\":\"ImageObject\",\"inLanguage\":\"ca\",\"@id\":\"https:\\\/\\\/vinemp.com\\\/ca#\\\/schema\\\/logo\\\/image\\\/\",\"url\":\"https:\\\/\\\/vinemp.com\\\/wp-content\\\/uploads\\\/2023\\\/02\\\/cropped-vinemp-logo.png\",\"contentUrl\":\"https:\\\/\\\/vinemp.com\\\/wp-content\\\/uploads\\\/2023\\\/02\\\/cropped-vinemp-logo.png\",\"width\":758,\"height\":376,\"caption\":\"Vinemp - Tienda de art\u00edculos de decoraci\u00f3n\"},\"image\":{\"@id\":\"https:\\\/\\\/vinemp.com\\\/ca#\\\/schema\\\/logo\\\/image\\\/\"}}]}<\/script>\n<!-- \/ Yoast SEO plugin. -->","yoast_head_json":{"title":"Cinta verda, vermella i daurada (6mm x 100mt) - Vinemp - Empresa de art\u00edculos decorativos para pasteler\u00edas y decoraci\u00f3n de escaparates.","robots":{"index":"index","follow":"follow","max-snippet":"max-snippet:-1","max-image-preview":"max-image-preview:large","max-video-preview":"max-video-preview:-1"},"canonical":"https:\/\/vinemp.com\/ca\/producto\/cinta-verde-roja-y-dorada-6mm-x-100mt","og_locale":"ca_ES","og_type":"article","og_title":"Cinta verda, vermella i daurada (6mm x 100mt) - Vinemp - Empresa de art\u00edculos decorativos para pasteler\u00edas y decoraci\u00f3n de escaparates.","og_description":"Cinta verda, vermella i daurada (6mm x 100mt)  &nbsp;","og_url":"https:\/\/vinemp.com\/ca\/producto\/cinta-verde-roja-y-dorada-6mm-x-100mt","og_site_name":"Vinemp - Empresa de art\u00edculos decorativos para pasteler\u00edas y decoraci\u00f3n de escaparates.","article_modified_time":"2026-04-01T15:14:17+00:00","og_image":[{"width":1512,"height":1512,"url":"https:\/\/vinemp.com\/wp-content\/uploads\/2026\/04\/file_0000000009c871fdb302394c16aacf2b.png-1.png","type":"image\/png"}],"twitter_card":"summary_large_image","twitter_misc":{"Temps estimat de lectura":"1 minut"},"schema":{"@context":"https:\/\/schema.org","@graph":[{"@type":"WebPage","@id":"https:\/\/vinemp.com\/ca\/producto\/cinta-verde-roja-y-dorada-6mm-x-100mt","url":"https:\/\/vinemp.com\/ca\/producto\/cinta-verde-roja-y-dorada-6mm-x-100mt","name":"Cinta verda, vermella i daurada (6mm x 100mt) - Vinemp - Empresa de art\u00edculos decorativos para pasteler\u00edas y decoraci\u00f3n de escaparates.","isPartOf":{"@id":"https:\/\/vinemp.com\/ca#website"},"primaryImageOfPage":{"@id":"https:\/\/vinemp.com\/ca\/producto\/cinta-verde-roja-y-dorada-6mm-x-100mt#primaryimage"},"image":{"@id":"https:\/\/vinemp.com\/ca\/producto\/cinta-verde-roja-y-dorada-6mm-x-100mt#primaryimage"},"thumbnailUrl":"https:\/\/vinemp.com\/wp-content\/uploads\/2026\/04\/file_0000000009c871fdb302394c16aacf2b.png-1.png","datePublished":"2026-04-01T15:11:09+00:00","dateModified":"2026-04-01T15:14:17+00:00","breadcrumb":{"@id":"https:\/\/vinemp.com\/ca\/producto\/cinta-verde-roja-y-dorada-6mm-x-100mt#breadcrumb"},"inLanguage":"ca","potentialAction":[{"@type":"ReadAction","target":["https:\/\/vinemp.com\/ca\/producto\/cinta-verde-roja-y-dorada-6mm-x-100mt"]}]},{"@type":"ImageObject","inLanguage":"ca","@id":"https:\/\/vinemp.com\/ca\/producto\/cinta-verde-roja-y-dorada-6mm-x-100mt#primaryimage","url":"https:\/\/vinemp.com\/wp-content\/uploads\/2026\/04\/file_0000000009c871fdb302394c16aacf2b.png-1.png","contentUrl":"https:\/\/vinemp.com\/wp-content\/uploads\/2026\/04\/file_0000000009c871fdb302394c16aacf2b.png-1.png","width":1512,"height":1512},{"@type":"BreadcrumbList","@id":"https:\/\/vinemp.com\/ca\/producto\/cinta-verde-roja-y-dorada-6mm-x-100mt#breadcrumb","itemListElement":[{"@type":"ListItem","position":1,"name":"Portada","item":"https:\/\/vinemp.com\/ca"},{"@type":"ListItem","position":2,"name":"Tienda","item":"https:\/\/vinemp.com\/tienda"},{"@type":"ListItem","position":3,"name":"Cinta verda, vermella i daurada (6mm x 100mt)"}]},{"@type":"WebSite","@id":"https:\/\/vinemp.com\/ca#website","url":"https:\/\/vinemp.com\/ca","name":"Vinemp - Tienda de art\u00edculos de decoraci\u00f3n","description":"Empresa de art\u00edculos decorativos para pasteler\u00edas y decoraci\u00f3n de escaparates.","publisher":{"@id":"https:\/\/vinemp.com\/ca#organization"},"potentialAction":[{"@type":"SearchAction","target":{"@type":"EntryPoint","urlTemplate":"https:\/\/vinemp.com\/ca?s={search_term_string}"},"query-input":{"@type":"PropertyValueSpecification","valueRequired":true,"valueName":"search_term_string"}}],"inLanguage":"ca"},{"@type":"Organization","@id":"https:\/\/vinemp.com\/ca#organization","name":"Vinemp - Tienda de art\u00edculos de decoraci\u00f3n","url":"https:\/\/vinemp.com\/ca","logo":{"@type":"ImageObject","inLanguage":"ca","@id":"https:\/\/vinemp.com\/ca#\/schema\/logo\/image\/","url":"https:\/\/vinemp.com\/wp-content\/uploads\/2023\/02\/cropped-vinemp-logo.png","contentUrl":"https:\/\/vinemp.com\/wp-content\/uploads\/2023\/02\/cropped-vinemp-logo.png","width":758,"height":376,"caption":"Vinemp - Tienda de art\u00edculos de decoraci\u00f3n"},"image":{"@id":"https:\/\/vinemp.com\/ca#\/schema\/logo\/image\/"}}]}},"_links":{"self":[{"href":"https:\/\/vinemp.com\/ca\/wp-json\/wp\/v2\/product\/22724","targetHints":{"allow":["GET"]}}],"collection":[{"href":"https:\/\/vinemp.com\/ca\/wp-json\/wp\/v2\/product"}],"about":[{"href":"https:\/\/vinemp.com\/ca\/wp-json\/wp\/v2\/types\/product"}],"version-history":[{"count":2,"href":"https:\/\/vinemp.com\/ca\/wp-json\/wp\/v2\/product\/22724\/revisions"}],"predecessor-version":[{"id":22726,"href":"https:\/\/vinemp.com\/ca\/wp-json\/wp\/v2\/product\/22724\/revisions\/22726"}],"wp:featuredmedia":[{"embeddable":true,"href":"https:\/\/vinemp.com\/ca\/wp-json\/wp\/v2\/media\/22721"}],"wp:attachment":[{"href":"https:\/\/vinemp.com\/ca\/wp-json\/wp\/v2\/media?parent=22724"}],"wp:term":[{"taxonomy":"product_brand","embeddable":true,"href":"https:\/\/vinemp.com\/ca\/wp-json\/wp\/v2\/product_brand?post=22724"},{"taxonomy":"product_cat","embeddable":true,"href":"https:\/\/vinemp.com\/ca\/wp-json\/wp\/v2\/product_cat?post=22724"},{"taxonomy":"product_tag","embeddable":true,"href":"https:\/\/vinemp.com\/ca\/wp-json\/wp\/v2\/product_tag?post=22724"}],"curies":[{"name":"wp","href":"https:\/\/api.w.org\/{rel}","templated":true}]}}