{"id":18023,"date":"2023-06-05T08:29:50","date_gmt":"2023-06-05T08:29:50","guid":{"rendered":"https:\/\/vinemp.com\/producto\/producto-201"},"modified":"2023-06-05T08:36:42","modified_gmt":"2023-06-05T08:36:42","slug":"producto-201","status":"publish","type":"product","link":"https:\/\/vinemp.com\/ca\/producto\/producto-201","title":{"rendered":"Mig ou dur 12u"},"content":{"rendered":"","protected":false},"excerpt":{"rendered":"<p>Mig ou dur 12u<\/p>\n","protected":false},"featured_media":15765,"template":"","meta":[],"product_brand":[],"product_cat":[618],"product_tag":[],"class_list":{"0":"post-18023","1":"product","2":"type-product","3":"status-publish","4":"has-post-thumbnail","6":"product_cat-ficticis","8":"first","9":"instock","10":"taxable","11":"shipping-taxable","12":"product-type-simple"},"yoast_head":"<!-- This site is optimized with the Yoast SEO plugin v27.4 - https:\/\/yoast.com\/product\/yoast-seo-wordpress\/ -->\n<title>Mig ou dur 12u - Vinemp - Empresa de art\u00edculos decorativos para pasteler\u00edas y decoraci\u00f3n de escaparates.<\/title>\n<meta name=\"robots\" content=\"index, follow, max-snippet:-1, max-image-preview:large, max-video-preview:-1\" \/>\n<link rel=\"canonical\" href=\"https:\/\/vinemp.com\/ca\/producto\/producto-201\" \/>\n<meta property=\"og:locale\" content=\"ca_ES\" \/>\n<meta property=\"og:type\" content=\"article\" \/>\n<meta property=\"og:title\" content=\"Mig ou dur 12u - Vinemp - Empresa de art\u00edculos decorativos para pasteler\u00edas y decoraci\u00f3n de escaparates.\" \/>\n<meta property=\"og:description\" content=\"Mig ou dur 12u\" \/>\n<meta property=\"og:url\" content=\"https:\/\/vinemp.com\/ca\/producto\/producto-201\" \/>\n<meta property=\"og:site_name\" content=\"Vinemp - Empresa de art\u00edculos decorativos para pasteler\u00edas y decoraci\u00f3n de escaparates.\" \/>\n<meta property=\"article:modified_time\" content=\"2023-06-05T08:36:42+00:00\" \/>\n<meta property=\"og:image\" content=\"https:\/\/vinemp.com\/wp-content\/uploads\/2022\/12\/16555.jpg\" \/>\n\t<meta property=\"og:image:width\" content=\"1028\" \/>\n\t<meta property=\"og:image:height\" content=\"682\" \/>\n\t<meta property=\"og:image:type\" content=\"image\/jpeg\" \/>\n<meta name=\"twitter:card\" content=\"summary_large_image\" \/>\n<script type=\"application\/ld+json\" class=\"yoast-schema-graph\">{\"@context\":\"https:\\\/\\\/schema.org\",\"@graph\":[{\"@type\":\"WebPage\",\"@id\":\"https:\\\/\\\/vinemp.com\\\/ca\\\/producto\\\/producto-201\",\"url\":\"https:\\\/\\\/vinemp.com\\\/ca\\\/producto\\\/producto-201\",\"name\":\"Mig ou dur 12u - Vinemp - Empresa de art\u00edculos decorativos para pasteler\u00edas y decoraci\u00f3n de escaparates.\",\"isPartOf\":{\"@id\":\"https:\\\/\\\/vinemp.com\\\/ca#website\"},\"primaryImageOfPage\":{\"@id\":\"https:\\\/\\\/vinemp.com\\\/ca\\\/producto\\\/producto-201#primaryimage\"},\"image\":{\"@id\":\"https:\\\/\\\/vinemp.com\\\/ca\\\/producto\\\/producto-201#primaryimage\"},\"thumbnailUrl\":\"https:\\\/\\\/vinemp.com\\\/wp-content\\\/uploads\\\/2022\\\/12\\\/16555.jpg\",\"datePublished\":\"2023-06-05T08:29:50+00:00\",\"dateModified\":\"2023-06-05T08:36:42+00:00\",\"breadcrumb\":{\"@id\":\"https:\\\/\\\/vinemp.com\\\/ca\\\/producto\\\/producto-201#breadcrumb\"},\"inLanguage\":\"ca\",\"potentialAction\":[{\"@type\":\"ReadAction\",\"target\":[\"https:\\\/\\\/vinemp.com\\\/ca\\\/producto\\\/producto-201\"]}]},{\"@type\":\"ImageObject\",\"inLanguage\":\"ca\",\"@id\":\"https:\\\/\\\/vinemp.com\\\/ca\\\/producto\\\/producto-201#primaryimage\",\"url\":\"https:\\\/\\\/vinemp.com\\\/wp-content\\\/uploads\\\/2022\\\/12\\\/16555.jpg\",\"contentUrl\":\"https:\\\/\\\/vinemp.com\\\/wp-content\\\/uploads\\\/2022\\\/12\\\/16555.jpg\",\"width\":1028,\"height\":682},{\"@type\":\"BreadcrumbList\",\"@id\":\"https:\\\/\\\/vinemp.com\\\/ca\\\/producto\\\/producto-201#breadcrumb\",\"itemListElement\":[{\"@type\":\"ListItem\",\"position\":1,\"name\":\"Portada\",\"item\":\"https:\\\/\\\/vinemp.com\\\/ca\"},{\"@type\":\"ListItem\",\"position\":2,\"name\":\"Tienda\",\"item\":\"https:\\\/\\\/vinemp.com\\\/tienda\"},{\"@type\":\"ListItem\",\"position\":3,\"name\":\"Mig ou dur 12u\"}]},{\"@type\":\"WebSite\",\"@id\":\"https:\\\/\\\/vinemp.com\\\/ca#website\",\"url\":\"https:\\\/\\\/vinemp.com\\\/ca\",\"name\":\"Vinemp - Tienda de art\u00edculos de decoraci\u00f3n\",\"description\":\"Empresa de art\u00edculos decorativos para pasteler\u00edas y decoraci\u00f3n de escaparates.\",\"publisher\":{\"@id\":\"https:\\\/\\\/vinemp.com\\\/ca#organization\"},\"potentialAction\":[{\"@type\":\"SearchAction\",\"target\":{\"@type\":\"EntryPoint\",\"urlTemplate\":\"https:\\\/\\\/vinemp.com\\\/ca?s={search_term_string}\"},\"query-input\":{\"@type\":\"PropertyValueSpecification\",\"valueRequired\":true,\"valueName\":\"search_term_string\"}}],\"inLanguage\":\"ca\"},{\"@type\":\"Organization\",\"@id\":\"https:\\\/\\\/vinemp.com\\\/ca#organization\",\"name\":\"Vinemp - Tienda de art\u00edculos de decoraci\u00f3n\",\"url\":\"https:\\\/\\\/vinemp.com\\\/ca\",\"logo\":{\"@type\":\"ImageObject\",\"inLanguage\":\"ca\",\"@id\":\"https:\\\/\\\/vinemp.com\\\/ca#\\\/schema\\\/logo\\\/image\\\/\",\"url\":\"https:\\\/\\\/vinemp.com\\\/wp-content\\\/uploads\\\/2023\\\/02\\\/cropped-vinemp-logo.png\",\"contentUrl\":\"https:\\\/\\\/vinemp.com\\\/wp-content\\\/uploads\\\/2023\\\/02\\\/cropped-vinemp-logo.png\",\"width\":758,\"height\":376,\"caption\":\"Vinemp - Tienda de art\u00edculos de decoraci\u00f3n\"},\"image\":{\"@id\":\"https:\\\/\\\/vinemp.com\\\/ca#\\\/schema\\\/logo\\\/image\\\/\"}}]}<\/script>\n<!-- \/ Yoast SEO plugin. -->","yoast_head_json":{"title":"Mig ou dur 12u - Vinemp - Empresa de art\u00edculos decorativos para pasteler\u00edas y decoraci\u00f3n de escaparates.","robots":{"index":"index","follow":"follow","max-snippet":"max-snippet:-1","max-image-preview":"max-image-preview:large","max-video-preview":"max-video-preview:-1"},"canonical":"https:\/\/vinemp.com\/ca\/producto\/producto-201","og_locale":"ca_ES","og_type":"article","og_title":"Mig ou dur 12u - Vinemp - Empresa de art\u00edculos decorativos para pasteler\u00edas y decoraci\u00f3n de escaparates.","og_description":"Mig ou dur 12u","og_url":"https:\/\/vinemp.com\/ca\/producto\/producto-201","og_site_name":"Vinemp - Empresa de art\u00edculos decorativos para pasteler\u00edas y decoraci\u00f3n de escaparates.","article_modified_time":"2023-06-05T08:36:42+00:00","og_image":[{"width":1028,"height":682,"url":"https:\/\/vinemp.com\/wp-content\/uploads\/2022\/12\/16555.jpg","type":"image\/jpeg"}],"twitter_card":"summary_large_image","schema":{"@context":"https:\/\/schema.org","@graph":[{"@type":"WebPage","@id":"https:\/\/vinemp.com\/ca\/producto\/producto-201","url":"https:\/\/vinemp.com\/ca\/producto\/producto-201","name":"Mig ou dur 12u - Vinemp - Empresa de art\u00edculos decorativos para pasteler\u00edas y decoraci\u00f3n de escaparates.","isPartOf":{"@id":"https:\/\/vinemp.com\/ca#website"},"primaryImageOfPage":{"@id":"https:\/\/vinemp.com\/ca\/producto\/producto-201#primaryimage"},"image":{"@id":"https:\/\/vinemp.com\/ca\/producto\/producto-201#primaryimage"},"thumbnailUrl":"https:\/\/vinemp.com\/wp-content\/uploads\/2022\/12\/16555.jpg","datePublished":"2023-06-05T08:29:50+00:00","dateModified":"2023-06-05T08:36:42+00:00","breadcrumb":{"@id":"https:\/\/vinemp.com\/ca\/producto\/producto-201#breadcrumb"},"inLanguage":"ca","potentialAction":[{"@type":"ReadAction","target":["https:\/\/vinemp.com\/ca\/producto\/producto-201"]}]},{"@type":"ImageObject","inLanguage":"ca","@id":"https:\/\/vinemp.com\/ca\/producto\/producto-201#primaryimage","url":"https:\/\/vinemp.com\/wp-content\/uploads\/2022\/12\/16555.jpg","contentUrl":"https:\/\/vinemp.com\/wp-content\/uploads\/2022\/12\/16555.jpg","width":1028,"height":682},{"@type":"BreadcrumbList","@id":"https:\/\/vinemp.com\/ca\/producto\/producto-201#breadcrumb","itemListElement":[{"@type":"ListItem","position":1,"name":"Portada","item":"https:\/\/vinemp.com\/ca"},{"@type":"ListItem","position":2,"name":"Tienda","item":"https:\/\/vinemp.com\/tienda"},{"@type":"ListItem","position":3,"name":"Mig ou dur 12u"}]},{"@type":"WebSite","@id":"https:\/\/vinemp.com\/ca#website","url":"https:\/\/vinemp.com\/ca","name":"Vinemp - Tienda de art\u00edculos de decoraci\u00f3n","description":"Empresa de art\u00edculos decorativos para pasteler\u00edas y decoraci\u00f3n de escaparates.","publisher":{"@id":"https:\/\/vinemp.com\/ca#organization"},"potentialAction":[{"@type":"SearchAction","target":{"@type":"EntryPoint","urlTemplate":"https:\/\/vinemp.com\/ca?s={search_term_string}"},"query-input":{"@type":"PropertyValueSpecification","valueRequired":true,"valueName":"search_term_string"}}],"inLanguage":"ca"},{"@type":"Organization","@id":"https:\/\/vinemp.com\/ca#organization","name":"Vinemp - Tienda de art\u00edculos de decoraci\u00f3n","url":"https:\/\/vinemp.com\/ca","logo":{"@type":"ImageObject","inLanguage":"ca","@id":"https:\/\/vinemp.com\/ca#\/schema\/logo\/image\/","url":"https:\/\/vinemp.com\/wp-content\/uploads\/2023\/02\/cropped-vinemp-logo.png","contentUrl":"https:\/\/vinemp.com\/wp-content\/uploads\/2023\/02\/cropped-vinemp-logo.png","width":758,"height":376,"caption":"Vinemp - Tienda de art\u00edculos de decoraci\u00f3n"},"image":{"@id":"https:\/\/vinemp.com\/ca#\/schema\/logo\/image\/"}}]}},"_links":{"self":[{"href":"https:\/\/vinemp.com\/ca\/wp-json\/wp\/v2\/product\/18023","targetHints":{"allow":["GET"]}}],"collection":[{"href":"https:\/\/vinemp.com\/ca\/wp-json\/wp\/v2\/product"}],"about":[{"href":"https:\/\/vinemp.com\/ca\/wp-json\/wp\/v2\/types\/product"}],"version-history":[{"count":0,"href":"https:\/\/vinemp.com\/ca\/wp-json\/wp\/v2\/product\/18023\/revisions"}],"wp:featuredmedia":[{"embeddable":true,"href":"https:\/\/vinemp.com\/ca\/wp-json\/wp\/v2\/media\/15765"}],"wp:attachment":[{"href":"https:\/\/vinemp.com\/ca\/wp-json\/wp\/v2\/media?parent=18023"}],"wp:term":[{"taxonomy":"product_brand","embeddable":true,"href":"https:\/\/vinemp.com\/ca\/wp-json\/wp\/v2\/product_brand?post=18023"},{"taxonomy":"product_cat","embeddable":true,"href":"https:\/\/vinemp.com\/ca\/wp-json\/wp\/v2\/product_cat?post=18023"},{"taxonomy":"product_tag","embeddable":true,"href":"https:\/\/vinemp.com\/ca\/wp-json\/wp\/v2\/product_tag?post=18023"}],"curies":[{"name":"wp","href":"https:\/\/api.w.org\/{rel}","templated":true}]}}