{"id":16823,"date":"2023-03-14T13:30:07","date_gmt":"2023-03-14T13:30:07","guid":{"rendered":"https:\/\/vinemp.com\/producto\/media-pina"},"modified":"2023-03-14T13:56:44","modified_gmt":"2023-03-14T13:56:44","slug":"media-pina","status":"publish","type":"product","link":"https:\/\/vinemp.com\/ca\/producto\/media-pina","title":{"rendered":"Media Pi\u00f1a"},"content":{"rendered":"","protected":false},"excerpt":{"rendered":"<p>R\u00e9plica media pi\u00f1a<\/p>\n","protected":false},"featured_media":15189,"template":"","meta":[],"product_brand":[],"product_cat":[616],"product_tag":[],"class_list":{"0":"post-16823","1":"product","2":"type-product","3":"status-publish","4":"has-post-thumbnail","6":"product_cat-ficticios","8":"first","9":"instock","10":"taxable","11":"shipping-taxable","12":"product-type-simple"},"yoast_head":"<!-- This site is optimized with the Yoast SEO plugin v27.4 - https:\/\/yoast.com\/product\/yoast-seo-wordpress\/ -->\n<title>Media Pi\u00f1a - Vinemp - Empresa de art\u00edculos decorativos para pasteler\u00edas y decoraci\u00f3n de escaparates.<\/title>\n<meta name=\"description\" content=\"R\u00e9plica de frutas imitaci\u00f3n media pi\u00f1a\" \/>\n<meta name=\"robots\" content=\"index, follow, max-snippet:-1, max-image-preview:large, max-video-preview:-1\" \/>\n<link rel=\"canonical\" href=\"https:\/\/vinemp.com\/ca\/producto\/media-pina\" \/>\n<meta property=\"og:locale\" content=\"ca_ES\" \/>\n<meta property=\"og:type\" content=\"article\" \/>\n<meta property=\"og:title\" content=\"Media Pi\u00f1a - Vinemp - Empresa de art\u00edculos decorativos para pasteler\u00edas y decoraci\u00f3n de escaparates.\" \/>\n<meta property=\"og:description\" content=\"R\u00e9plica de frutas imitaci\u00f3n media pi\u00f1a\" \/>\n<meta property=\"og:url\" content=\"https:\/\/vinemp.com\/ca\/producto\/media-pina\" \/>\n<meta property=\"og:site_name\" content=\"Vinemp - Empresa de art\u00edculos decorativos para pasteler\u00edas y decoraci\u00f3n de escaparates.\" \/>\n<meta property=\"article:modified_time\" content=\"2023-03-14T13:56:44+00:00\" \/>\n<meta property=\"og:image\" content=\"https:\/\/vinemp.com\/wp-content\/uploads\/2022\/12\/01030.jpg\" \/>\n\t<meta property=\"og:image:width\" content=\"1035\" \/>\n\t<meta property=\"og:image:height\" content=\"690\" \/>\n\t<meta property=\"og:image:type\" content=\"image\/jpeg\" \/>\n<meta name=\"twitter:card\" content=\"summary_large_image\" \/>\n<script type=\"application\/ld+json\" class=\"yoast-schema-graph\">{\"@context\":\"https:\\\/\\\/schema.org\",\"@graph\":[{\"@type\":\"WebPage\",\"@id\":\"https:\\\/\\\/vinemp.com\\\/ca\\\/producto\\\/media-pina\",\"url\":\"https:\\\/\\\/vinemp.com\\\/ca\\\/producto\\\/media-pina\",\"name\":\"Media Pi\u00f1a - Vinemp - Empresa de art\u00edculos decorativos para pasteler\u00edas y decoraci\u00f3n de escaparates.\",\"isPartOf\":{\"@id\":\"https:\\\/\\\/vinemp.com\\\/ca#website\"},\"primaryImageOfPage\":{\"@id\":\"https:\\\/\\\/vinemp.com\\\/ca\\\/producto\\\/media-pina#primaryimage\"},\"image\":{\"@id\":\"https:\\\/\\\/vinemp.com\\\/ca\\\/producto\\\/media-pina#primaryimage\"},\"thumbnailUrl\":\"https:\\\/\\\/vinemp.com\\\/wp-content\\\/uploads\\\/2022\\\/12\\\/01030.jpg\",\"datePublished\":\"2023-03-14T13:30:07+00:00\",\"dateModified\":\"2023-03-14T13:56:44+00:00\",\"description\":\"R\u00e9plica de frutas imitaci\u00f3n media pi\u00f1a\",\"breadcrumb\":{\"@id\":\"https:\\\/\\\/vinemp.com\\\/ca\\\/producto\\\/media-pina#breadcrumb\"},\"inLanguage\":\"ca\",\"potentialAction\":[{\"@type\":\"ReadAction\",\"target\":[\"https:\\\/\\\/vinemp.com\\\/ca\\\/producto\\\/media-pina\"]}]},{\"@type\":\"ImageObject\",\"inLanguage\":\"ca\",\"@id\":\"https:\\\/\\\/vinemp.com\\\/ca\\\/producto\\\/media-pina#primaryimage\",\"url\":\"https:\\\/\\\/vinemp.com\\\/wp-content\\\/uploads\\\/2022\\\/12\\\/01030.jpg\",\"contentUrl\":\"https:\\\/\\\/vinemp.com\\\/wp-content\\\/uploads\\\/2022\\\/12\\\/01030.jpg\",\"width\":1035,\"height\":690},{\"@type\":\"BreadcrumbList\",\"@id\":\"https:\\\/\\\/vinemp.com\\\/ca\\\/producto\\\/media-pina#breadcrumb\",\"itemListElement\":[{\"@type\":\"ListItem\",\"position\":1,\"name\":\"Portada\",\"item\":\"https:\\\/\\\/vinemp.com\\\/ca\"},{\"@type\":\"ListItem\",\"position\":2,\"name\":\"Tienda\",\"item\":\"https:\\\/\\\/vinemp.com\\\/tienda\"},{\"@type\":\"ListItem\",\"position\":3,\"name\":\"Media Pi\u00f1a\"}]},{\"@type\":\"WebSite\",\"@id\":\"https:\\\/\\\/vinemp.com\\\/ca#website\",\"url\":\"https:\\\/\\\/vinemp.com\\\/ca\",\"name\":\"Vinemp - Tienda de art\u00edculos de decoraci\u00f3n\",\"description\":\"Empresa de art\u00edculos decorativos para pasteler\u00edas y decoraci\u00f3n de escaparates.\",\"publisher\":{\"@id\":\"https:\\\/\\\/vinemp.com\\\/ca#organization\"},\"potentialAction\":[{\"@type\":\"SearchAction\",\"target\":{\"@type\":\"EntryPoint\",\"urlTemplate\":\"https:\\\/\\\/vinemp.com\\\/ca?s={search_term_string}\"},\"query-input\":{\"@type\":\"PropertyValueSpecification\",\"valueRequired\":true,\"valueName\":\"search_term_string\"}}],\"inLanguage\":\"ca\"},{\"@type\":\"Organization\",\"@id\":\"https:\\\/\\\/vinemp.com\\\/ca#organization\",\"name\":\"Vinemp - Tienda de art\u00edculos de decoraci\u00f3n\",\"url\":\"https:\\\/\\\/vinemp.com\\\/ca\",\"logo\":{\"@type\":\"ImageObject\",\"inLanguage\":\"ca\",\"@id\":\"https:\\\/\\\/vinemp.com\\\/ca#\\\/schema\\\/logo\\\/image\\\/\",\"url\":\"https:\\\/\\\/vinemp.com\\\/wp-content\\\/uploads\\\/2023\\\/02\\\/cropped-vinemp-logo.png\",\"contentUrl\":\"https:\\\/\\\/vinemp.com\\\/wp-content\\\/uploads\\\/2023\\\/02\\\/cropped-vinemp-logo.png\",\"width\":758,\"height\":376,\"caption\":\"Vinemp - Tienda de art\u00edculos de decoraci\u00f3n\"},\"image\":{\"@id\":\"https:\\\/\\\/vinemp.com\\\/ca#\\\/schema\\\/logo\\\/image\\\/\"}}]}<\/script>\n<!-- \/ Yoast SEO plugin. -->","yoast_head_json":{"title":"Media Pi\u00f1a - Vinemp - Empresa de art\u00edculos decorativos para pasteler\u00edas y decoraci\u00f3n de escaparates.","description":"R\u00e9plica de frutas imitaci\u00f3n media pi\u00f1a","robots":{"index":"index","follow":"follow","max-snippet":"max-snippet:-1","max-image-preview":"max-image-preview:large","max-video-preview":"max-video-preview:-1"},"canonical":"https:\/\/vinemp.com\/ca\/producto\/media-pina","og_locale":"ca_ES","og_type":"article","og_title":"Media Pi\u00f1a - Vinemp - Empresa de art\u00edculos decorativos para pasteler\u00edas y decoraci\u00f3n de escaparates.","og_description":"R\u00e9plica de frutas imitaci\u00f3n media pi\u00f1a","og_url":"https:\/\/vinemp.com\/ca\/producto\/media-pina","og_site_name":"Vinemp - Empresa de art\u00edculos decorativos para pasteler\u00edas y decoraci\u00f3n de escaparates.","article_modified_time":"2023-03-14T13:56:44+00:00","og_image":[{"width":1035,"height":690,"url":"https:\/\/vinemp.com\/wp-content\/uploads\/2022\/12\/01030.jpg","type":"image\/jpeg"}],"twitter_card":"summary_large_image","schema":{"@context":"https:\/\/schema.org","@graph":[{"@type":"WebPage","@id":"https:\/\/vinemp.com\/ca\/producto\/media-pina","url":"https:\/\/vinemp.com\/ca\/producto\/media-pina","name":"Media Pi\u00f1a - Vinemp - Empresa de art\u00edculos decorativos para pasteler\u00edas y decoraci\u00f3n de escaparates.","isPartOf":{"@id":"https:\/\/vinemp.com\/ca#website"},"primaryImageOfPage":{"@id":"https:\/\/vinemp.com\/ca\/producto\/media-pina#primaryimage"},"image":{"@id":"https:\/\/vinemp.com\/ca\/producto\/media-pina#primaryimage"},"thumbnailUrl":"https:\/\/vinemp.com\/wp-content\/uploads\/2022\/12\/01030.jpg","datePublished":"2023-03-14T13:30:07+00:00","dateModified":"2023-03-14T13:56:44+00:00","description":"R\u00e9plica de frutas imitaci\u00f3n media pi\u00f1a","breadcrumb":{"@id":"https:\/\/vinemp.com\/ca\/producto\/media-pina#breadcrumb"},"inLanguage":"ca","potentialAction":[{"@type":"ReadAction","target":["https:\/\/vinemp.com\/ca\/producto\/media-pina"]}]},{"@type":"ImageObject","inLanguage":"ca","@id":"https:\/\/vinemp.com\/ca\/producto\/media-pina#primaryimage","url":"https:\/\/vinemp.com\/wp-content\/uploads\/2022\/12\/01030.jpg","contentUrl":"https:\/\/vinemp.com\/wp-content\/uploads\/2022\/12\/01030.jpg","width":1035,"height":690},{"@type":"BreadcrumbList","@id":"https:\/\/vinemp.com\/ca\/producto\/media-pina#breadcrumb","itemListElement":[{"@type":"ListItem","position":1,"name":"Portada","item":"https:\/\/vinemp.com\/ca"},{"@type":"ListItem","position":2,"name":"Tienda","item":"https:\/\/vinemp.com\/tienda"},{"@type":"ListItem","position":3,"name":"Media Pi\u00f1a"}]},{"@type":"WebSite","@id":"https:\/\/vinemp.com\/ca#website","url":"https:\/\/vinemp.com\/ca","name":"Vinemp - Tienda de art\u00edculos de decoraci\u00f3n","description":"Empresa de art\u00edculos decorativos para pasteler\u00edas y decoraci\u00f3n de escaparates.","publisher":{"@id":"https:\/\/vinemp.com\/ca#organization"},"potentialAction":[{"@type":"SearchAction","target":{"@type":"EntryPoint","urlTemplate":"https:\/\/vinemp.com\/ca?s={search_term_string}"},"query-input":{"@type":"PropertyValueSpecification","valueRequired":true,"valueName":"search_term_string"}}],"inLanguage":"ca"},{"@type":"Organization","@id":"https:\/\/vinemp.com\/ca#organization","name":"Vinemp - Tienda de art\u00edculos de decoraci\u00f3n","url":"https:\/\/vinemp.com\/ca","logo":{"@type":"ImageObject","inLanguage":"ca","@id":"https:\/\/vinemp.com\/ca#\/schema\/logo\/image\/","url":"https:\/\/vinemp.com\/wp-content\/uploads\/2023\/02\/cropped-vinemp-logo.png","contentUrl":"https:\/\/vinemp.com\/wp-content\/uploads\/2023\/02\/cropped-vinemp-logo.png","width":758,"height":376,"caption":"Vinemp - Tienda de art\u00edculos de decoraci\u00f3n"},"image":{"@id":"https:\/\/vinemp.com\/ca#\/schema\/logo\/image\/"}}]}},"_links":{"self":[{"href":"https:\/\/vinemp.com\/ca\/wp-json\/wp\/v2\/product\/16823","targetHints":{"allow":["GET"]}}],"collection":[{"href":"https:\/\/vinemp.com\/ca\/wp-json\/wp\/v2\/product"}],"about":[{"href":"https:\/\/vinemp.com\/ca\/wp-json\/wp\/v2\/types\/product"}],"version-history":[{"count":0,"href":"https:\/\/vinemp.com\/ca\/wp-json\/wp\/v2\/product\/16823\/revisions"}],"wp:featuredmedia":[{"embeddable":true,"href":"https:\/\/vinemp.com\/ca\/wp-json\/wp\/v2\/media\/15189"}],"wp:attachment":[{"href":"https:\/\/vinemp.com\/ca\/wp-json\/wp\/v2\/media?parent=16823"}],"wp:term":[{"taxonomy":"product_brand","embeddable":true,"href":"https:\/\/vinemp.com\/ca\/wp-json\/wp\/v2\/product_brand?post=16823"},{"taxonomy":"product_cat","embeddable":true,"href":"https:\/\/vinemp.com\/ca\/wp-json\/wp\/v2\/product_cat?post=16823"},{"taxonomy":"product_tag","embeddable":true,"href":"https:\/\/vinemp.com\/ca\/wp-json\/wp\/v2\/product_tag?post=16823"}],"curies":[{"name":"wp","href":"https:\/\/api.w.org\/{rel}","templated":true}]}}