{"id":13254,"date":"2021-05-03T11:17:07","date_gmt":"2021-05-03T11:17:07","guid":{"rendered":"https:\/\/vinemp.com\/producto\/numero-rojo"},"modified":"2026-02-26T14:23:46","modified_gmt":"2026-02-26T14:23:46","slug":"numero-vermell","status":"publish","type":"product","link":"https:\/\/vinemp.com\/ca\/producto\/numero-vermell","title":{"rendered":"N\u00famero Vermell 5cm (12 unitats)"},"content":{"rendered":"","protected":false},"excerpt":{"rendered":"<p>N\u00famero Vermell 5cm<\/p>\n<p>Caixa de 12 unitats<\/p>\n","protected":false},"featured_media":12606,"template":"","meta":[],"product_brand":[],"product_cat":[481,476],"product_tag":[],"class_list":{"0":"post-13254","1":"product","2":"type-product","3":"status-publish","4":"has-post-thumbnail","6":"product_cat-amb-numero","7":"product_cat-espelma","8":"pa_numero-338","9":"pa_numero-339","10":"pa_numero-340","11":"pa_numero-341","12":"pa_numero-342","13":"pa_numero-343","14":"pa_numero-344","15":"pa_numero-345","16":"pa_numero-346","18":"first","19":"instock","20":"taxable","21":"shipping-taxable","22":"product-type-variable"},"yoast_head":"<!-- This site is optimized with the Yoast SEO plugin v27.4 - https:\/\/yoast.com\/product\/yoast-seo-wordpress\/ -->\n<title>N\u00famero Vermell 5cm (12 unitats) - Vinemp - Empresa de art\u00edculos decorativos para pasteler\u00edas y decoraci\u00f3n de escaparates.<\/title>\n<meta name=\"robots\" content=\"index, follow, max-snippet:-1, max-image-preview:large, max-video-preview:-1\" \/>\n<link rel=\"canonical\" href=\"https:\/\/vinemp.com\/ca\/producto\/numero-vermell\" \/>\n<meta property=\"og:locale\" content=\"ca_ES\" \/>\n<meta property=\"og:type\" content=\"article\" \/>\n<meta property=\"og:title\" content=\"N\u00famero Vermell 5cm (12 unitats) - Vinemp - Empresa de art\u00edculos decorativos para pasteler\u00edas y decoraci\u00f3n de escaparates.\" \/>\n<meta property=\"og:description\" content=\"N\u00famero Vermell 5cm  Caixa de 12 unitats\" \/>\n<meta property=\"og:url\" content=\"https:\/\/vinemp.com\/ca\/producto\/numero-vermell\" \/>\n<meta property=\"og:site_name\" content=\"Vinemp - Empresa de art\u00edculos decorativos para pasteler\u00edas y decoraci\u00f3n de escaparates.\" \/>\n<meta property=\"article:modified_time\" content=\"2026-02-26T14:23:46+00:00\" \/>\n<meta property=\"og:image\" content=\"https:\/\/vinemp.com\/wp-content\/uploads\/2021\/05\/NUMH-Todas-Rojas-Redondeadas.jpg\" \/>\n\t<meta property=\"og:image:width\" content=\"1080\" \/>\n\t<meta property=\"og:image:height\" content=\"1080\" \/>\n\t<meta property=\"og:image:type\" content=\"image\/jpeg\" \/>\n<meta name=\"twitter:card\" content=\"summary_large_image\" \/>\n<meta name=\"twitter:label1\" content=\"Temps estimat de lectura\" \/>\n\t<meta name=\"twitter:data1\" content=\"1 minut\" \/>\n<script type=\"application\/ld+json\" class=\"yoast-schema-graph\">{\"@context\":\"https:\\\/\\\/schema.org\",\"@graph\":[{\"@type\":\"WebPage\",\"@id\":\"https:\\\/\\\/vinemp.com\\\/ca\\\/producto\\\/numero-vermell\",\"url\":\"https:\\\/\\\/vinemp.com\\\/ca\\\/producto\\\/numero-vermell\",\"name\":\"N\u00famero Vermell 5cm (12 unitats) - Vinemp - Empresa de art\u00edculos decorativos para pasteler\u00edas y decoraci\u00f3n de escaparates.\",\"isPartOf\":{\"@id\":\"https:\\\/\\\/vinemp.com\\\/ca#website\"},\"primaryImageOfPage\":{\"@id\":\"https:\\\/\\\/vinemp.com\\\/ca\\\/producto\\\/numero-vermell#primaryimage\"},\"image\":{\"@id\":\"https:\\\/\\\/vinemp.com\\\/ca\\\/producto\\\/numero-vermell#primaryimage\"},\"thumbnailUrl\":\"https:\\\/\\\/vinemp.com\\\/wp-content\\\/uploads\\\/2021\\\/05\\\/NUMH-Todas-Rojas-Redondeadas.jpg\",\"datePublished\":\"2021-05-03T11:17:07+00:00\",\"dateModified\":\"2026-02-26T14:23:46+00:00\",\"breadcrumb\":{\"@id\":\"https:\\\/\\\/vinemp.com\\\/ca\\\/producto\\\/numero-vermell#breadcrumb\"},\"inLanguage\":\"ca\",\"potentialAction\":[{\"@type\":\"ReadAction\",\"target\":[\"https:\\\/\\\/vinemp.com\\\/ca\\\/producto\\\/numero-vermell\"]}]},{\"@type\":\"ImageObject\",\"inLanguage\":\"ca\",\"@id\":\"https:\\\/\\\/vinemp.com\\\/ca\\\/producto\\\/numero-vermell#primaryimage\",\"url\":\"https:\\\/\\\/vinemp.com\\\/wp-content\\\/uploads\\\/2021\\\/05\\\/NUMH-Todas-Rojas-Redondeadas.jpg\",\"contentUrl\":\"https:\\\/\\\/vinemp.com\\\/wp-content\\\/uploads\\\/2021\\\/05\\\/NUMH-Todas-Rojas-Redondeadas.jpg\",\"width\":1080,\"height\":1080},{\"@type\":\"BreadcrumbList\",\"@id\":\"https:\\\/\\\/vinemp.com\\\/ca\\\/producto\\\/numero-vermell#breadcrumb\",\"itemListElement\":[{\"@type\":\"ListItem\",\"position\":1,\"name\":\"Portada\",\"item\":\"https:\\\/\\\/vinemp.com\\\/ca\"},{\"@type\":\"ListItem\",\"position\":2,\"name\":\"Tienda\",\"item\":\"https:\\\/\\\/vinemp.com\\\/tienda\"},{\"@type\":\"ListItem\",\"position\":3,\"name\":\"N\u00famero Vermell 5cm (12 unitats)\"}]},{\"@type\":\"WebSite\",\"@id\":\"https:\\\/\\\/vinemp.com\\\/ca#website\",\"url\":\"https:\\\/\\\/vinemp.com\\\/ca\",\"name\":\"Vinemp - Tienda de art\u00edculos de decoraci\u00f3n\",\"description\":\"Empresa de art\u00edculos decorativos para pasteler\u00edas y decoraci\u00f3n de escaparates.\",\"publisher\":{\"@id\":\"https:\\\/\\\/vinemp.com\\\/ca#organization\"},\"potentialAction\":[{\"@type\":\"SearchAction\",\"target\":{\"@type\":\"EntryPoint\",\"urlTemplate\":\"https:\\\/\\\/vinemp.com\\\/ca?s={search_term_string}\"},\"query-input\":{\"@type\":\"PropertyValueSpecification\",\"valueRequired\":true,\"valueName\":\"search_term_string\"}}],\"inLanguage\":\"ca\"},{\"@type\":\"Organization\",\"@id\":\"https:\\\/\\\/vinemp.com\\\/ca#organization\",\"name\":\"Vinemp - Tienda de art\u00edculos de decoraci\u00f3n\",\"url\":\"https:\\\/\\\/vinemp.com\\\/ca\",\"logo\":{\"@type\":\"ImageObject\",\"inLanguage\":\"ca\",\"@id\":\"https:\\\/\\\/vinemp.com\\\/ca#\\\/schema\\\/logo\\\/image\\\/\",\"url\":\"https:\\\/\\\/vinemp.com\\\/wp-content\\\/uploads\\\/2023\\\/02\\\/cropped-vinemp-logo.png\",\"contentUrl\":\"https:\\\/\\\/vinemp.com\\\/wp-content\\\/uploads\\\/2023\\\/02\\\/cropped-vinemp-logo.png\",\"width\":758,\"height\":376,\"caption\":\"Vinemp - Tienda de art\u00edculos de decoraci\u00f3n\"},\"image\":{\"@id\":\"https:\\\/\\\/vinemp.com\\\/ca#\\\/schema\\\/logo\\\/image\\\/\"}}]}<\/script>\n<!-- \/ Yoast SEO plugin. -->","yoast_head_json":{"title":"N\u00famero Vermell 5cm (12 unitats) - Vinemp - Empresa de art\u00edculos decorativos para pasteler\u00edas y decoraci\u00f3n de escaparates.","robots":{"index":"index","follow":"follow","max-snippet":"max-snippet:-1","max-image-preview":"max-image-preview:large","max-video-preview":"max-video-preview:-1"},"canonical":"https:\/\/vinemp.com\/ca\/producto\/numero-vermell","og_locale":"ca_ES","og_type":"article","og_title":"N\u00famero Vermell 5cm (12 unitats) - Vinemp - Empresa de art\u00edculos decorativos para pasteler\u00edas y decoraci\u00f3n de escaparates.","og_description":"N\u00famero Vermell 5cm  Caixa de 12 unitats","og_url":"https:\/\/vinemp.com\/ca\/producto\/numero-vermell","og_site_name":"Vinemp - Empresa de art\u00edculos decorativos para pasteler\u00edas y decoraci\u00f3n de escaparates.","article_modified_time":"2026-02-26T14:23:46+00:00","og_image":[{"width":1080,"height":1080,"url":"https:\/\/vinemp.com\/wp-content\/uploads\/2021\/05\/NUMH-Todas-Rojas-Redondeadas.jpg","type":"image\/jpeg"}],"twitter_card":"summary_large_image","twitter_misc":{"Temps estimat de lectura":"1 minut"},"schema":{"@context":"https:\/\/schema.org","@graph":[{"@type":"WebPage","@id":"https:\/\/vinemp.com\/ca\/producto\/numero-vermell","url":"https:\/\/vinemp.com\/ca\/producto\/numero-vermell","name":"N\u00famero Vermell 5cm (12 unitats) - Vinemp - Empresa de art\u00edculos decorativos para pasteler\u00edas y decoraci\u00f3n de escaparates.","isPartOf":{"@id":"https:\/\/vinemp.com\/ca#website"},"primaryImageOfPage":{"@id":"https:\/\/vinemp.com\/ca\/producto\/numero-vermell#primaryimage"},"image":{"@id":"https:\/\/vinemp.com\/ca\/producto\/numero-vermell#primaryimage"},"thumbnailUrl":"https:\/\/vinemp.com\/wp-content\/uploads\/2021\/05\/NUMH-Todas-Rojas-Redondeadas.jpg","datePublished":"2021-05-03T11:17:07+00:00","dateModified":"2026-02-26T14:23:46+00:00","breadcrumb":{"@id":"https:\/\/vinemp.com\/ca\/producto\/numero-vermell#breadcrumb"},"inLanguage":"ca","potentialAction":[{"@type":"ReadAction","target":["https:\/\/vinemp.com\/ca\/producto\/numero-vermell"]}]},{"@type":"ImageObject","inLanguage":"ca","@id":"https:\/\/vinemp.com\/ca\/producto\/numero-vermell#primaryimage","url":"https:\/\/vinemp.com\/wp-content\/uploads\/2021\/05\/NUMH-Todas-Rojas-Redondeadas.jpg","contentUrl":"https:\/\/vinemp.com\/wp-content\/uploads\/2021\/05\/NUMH-Todas-Rojas-Redondeadas.jpg","width":1080,"height":1080},{"@type":"BreadcrumbList","@id":"https:\/\/vinemp.com\/ca\/producto\/numero-vermell#breadcrumb","itemListElement":[{"@type":"ListItem","position":1,"name":"Portada","item":"https:\/\/vinemp.com\/ca"},{"@type":"ListItem","position":2,"name":"Tienda","item":"https:\/\/vinemp.com\/tienda"},{"@type":"ListItem","position":3,"name":"N\u00famero Vermell 5cm (12 unitats)"}]},{"@type":"WebSite","@id":"https:\/\/vinemp.com\/ca#website","url":"https:\/\/vinemp.com\/ca","name":"Vinemp - Tienda de art\u00edculos de decoraci\u00f3n","description":"Empresa de art\u00edculos decorativos para pasteler\u00edas y decoraci\u00f3n de escaparates.","publisher":{"@id":"https:\/\/vinemp.com\/ca#organization"},"potentialAction":[{"@type":"SearchAction","target":{"@type":"EntryPoint","urlTemplate":"https:\/\/vinemp.com\/ca?s={search_term_string}"},"query-input":{"@type":"PropertyValueSpecification","valueRequired":true,"valueName":"search_term_string"}}],"inLanguage":"ca"},{"@type":"Organization","@id":"https:\/\/vinemp.com\/ca#organization","name":"Vinemp - Tienda de art\u00edculos de decoraci\u00f3n","url":"https:\/\/vinemp.com\/ca","logo":{"@type":"ImageObject","inLanguage":"ca","@id":"https:\/\/vinemp.com\/ca#\/schema\/logo\/image\/","url":"https:\/\/vinemp.com\/wp-content\/uploads\/2023\/02\/cropped-vinemp-logo.png","contentUrl":"https:\/\/vinemp.com\/wp-content\/uploads\/2023\/02\/cropped-vinemp-logo.png","width":758,"height":376,"caption":"Vinemp - Tienda de art\u00edculos de decoraci\u00f3n"},"image":{"@id":"https:\/\/vinemp.com\/ca#\/schema\/logo\/image\/"}}]}},"_links":{"self":[{"href":"https:\/\/vinemp.com\/ca\/wp-json\/wp\/v2\/product\/13254","targetHints":{"allow":["GET"]}}],"collection":[{"href":"https:\/\/vinemp.com\/ca\/wp-json\/wp\/v2\/product"}],"about":[{"href":"https:\/\/vinemp.com\/ca\/wp-json\/wp\/v2\/types\/product"}],"version-history":[{"count":1,"href":"https:\/\/vinemp.com\/ca\/wp-json\/wp\/v2\/product\/13254\/revisions"}],"predecessor-version":[{"id":21303,"href":"https:\/\/vinemp.com\/ca\/wp-json\/wp\/v2\/product\/13254\/revisions\/21303"}],"wp:featuredmedia":[{"embeddable":true,"href":"https:\/\/vinemp.com\/ca\/wp-json\/wp\/v2\/media\/12606"}],"wp:attachment":[{"href":"https:\/\/vinemp.com\/ca\/wp-json\/wp\/v2\/media?parent=13254"}],"wp:term":[{"taxonomy":"product_brand","embeddable":true,"href":"https:\/\/vinemp.com\/ca\/wp-json\/wp\/v2\/product_brand?post=13254"},{"taxonomy":"product_cat","embeddable":true,"href":"https:\/\/vinemp.com\/ca\/wp-json\/wp\/v2\/product_cat?post=13254"},{"taxonomy":"product_tag","embeddable":true,"href":"https:\/\/vinemp.com\/ca\/wp-json\/wp\/v2\/product_tag?post=13254"}],"curies":[{"name":"wp","href":"https:\/\/api.w.org\/{rel}","templated":true}]}}