{"id":14404,"date":"2022-11-03T06:03:26","date_gmt":"2022-11-03T06:03:26","guid":{"rendered":"https:\/\/vinemp.com\/?page_id=14404"},"modified":"2023-02-19T09:47:13","modified_gmt":"2023-02-19T09:47:13","slug":"politica-de-privacidad-y-cookies","status":"publish","type":"page","link":"https:\/\/vinemp.com\/ca\/politica-de-privacidad-y-cookies","title":{"rendered":"Pol\u00edtica de Privacidad y Cookies"},"content":{"rendered":"\n<h5 class=\"wp-block-heading\"><strong>Qui\u00e9nes somos<\/strong><\/h5>\n\n\n\n<p>La direcci\u00f3n de nuestro sitio web es: http:\/\/vinemp.com.<\/p>\n\n\n\n<p>Qu\u00e9 datos personales recopilamos y por qu\u00e9 los recopilamos<\/p>\n\n\n\n<h5 class=\"wp-block-heading\">Comentarios<\/h5>\n\n\n\n<p>Cuando los visitantes dejan comentarios en el sitio, recopilamos los datos que se muestran en el formulario de comentarios, y tambi\u00e9n la direcci\u00f3n IP del visitante y la cadena del agente de usuario del navegador para ayudar a la detecci\u00f3n de spam.<\/p>\n\n\n\n<p>Se puede proporcionar una cadena an\u00f3nima creada a partir de su direcci\u00f3n de correo electr\u00f3nico (tambi\u00e9n llamada hash) al servicio Gravatar para ver si la est\u00e1 utilizando. La pol\u00edtica de privacidad del servicio Gravatar est\u00e1 disponible aqu\u00ed: https:\/\/automattic.com\/privacy\/. Despu\u00e9s de la aprobaci\u00f3n de su comentario, su foto de perfil es visible para el p\u00fablico en el contexto de su comentario.<\/p>\n\n\n\n<h5 class=\"wp-block-heading\">Medios de comunicaci\u00f3n<\/h5>\n\n\n\n<p>Si subes im\u00e1genes al sitio web, debes evitar subir im\u00e1genes con datos de ubicaci\u00f3n incrustados (GPS EXIF) incluidos. Los visitantes del sitio web pueden descargar y extraer cualquier dato de ubicaci\u00f3n de las im\u00e1genes del sitio web.<\/p>\n\n\n\n<h5 class=\"wp-block-heading\">Formularios de contacto<\/h5>\n\n\n\n<p>Si deja un comentario en nuestro sitio, puede optar por guardar su nombre, direcci\u00f3n de correo electr\u00f3nico y sitio web en cookies. Estos son para su comodidad, para que no tenga que volver a rellenar sus datos cuando deje otro comentario. Estas cookies tendr\u00e1n una duraci\u00f3n de un a\u00f1o.<\/p>\n\n\n\n<p>Si visita nuestra p\u00e1gina de inicio de sesi\u00f3n, estableceremos una cookie temporal para determinar si su navegador acepta cookies. Esta cookie no contiene datos personales y se descarta cuando cierra su navegador.<\/p>\n\n\n\n<p>Cuando inicie sesi\u00f3n, tambi\u00e9n configuraremos varias cookies para guardar su informaci\u00f3n de inicio de sesi\u00f3n y sus opciones de visualizaci\u00f3n de pantalla. Las cookies de inicio de sesi\u00f3n duran dos d\u00edas y las cookies de opciones de pantalla duran un a\u00f1o. Si selecciona &#8220;Recordarme&#8221;, su inicio de sesi\u00f3n persistir\u00e1 durante dos semanas. Si cierra sesi\u00f3n en su cuenta, se eliminar\u00e1n las cookies de inicio de sesi\u00f3n.<\/p>\n\n\n\n<p>Si edita o publica un art\u00edculo, se guardar\u00e1 una cookie adicional en su navegador. Esta cookie no incluye datos personales y simplemente indica el ID de publicaci\u00f3n del art\u00edculo que acaba de editar. Caduca despu\u00e9s de 1 d\u00eda.<\/p>\n\n\n\n<p>Contenido incrustado de otros sitios web<\/p>\n\n\n\n<p>Los art\u00edculos en este sitio pueden incluir contenido incrustado (por ejemplo, videos, im\u00e1genes, art\u00edculos, etc.). El contenido incrustado de otros sitios web se comporta exactamente de la misma manera que si el visitante hubiera visitado el otro sitio web.<\/p>\n\n\n\n<p>Estos sitios web pueden recopilar datos sobre usted, usar cookies, incrustar un seguimiento adicional de terceros y monitorear su interacci\u00f3n con ese contenido incrustado, incluido el seguimiento de su interacci\u00f3n con el contenido incrustado si tiene una cuenta y ha iniciado sesi\u00f3n en ese sitio web.<\/p>\n\n\n\n<h5 class=\"wp-block-heading\">Anal\u00edtica<\/h5>\n\n\n\n<p>Con qui\u00e9n compartimos sus datos<\/p>\n\n\n\n<p>Cu\u00e1nto tiempo conservamos sus datos<\/p>\n\n\n\n<p>Si deja un comentario, el comentario y sus metadatos se conservan indefinidamente. Esto es para que podamos reconocer y aprobar cualquier comentario de seguimiento autom\u00e1ticamente en lugar de mantenerlos en una cola de moderaci\u00f3n.<\/p>\n\n\n\n<p>Para los usuarios que se registran en nuestro sitio web (si los hay), tambi\u00e9n almacenamos la informaci\u00f3n personal que proporcionan en su perfil de usuario. Todos los usuarios pueden ver, editar o eliminar su informaci\u00f3n personal en cualquier momento (excepto que no pueden cambiar su nombre de usuario). Los administradores del sitio web tambi\u00e9n pueden ver y editar esa informaci\u00f3n.<\/p>\n\n\n\n<h5 class=\"wp-block-heading\">Qu\u00e9 derechos tienes sobre tus datos<\/h5>\n\n\n\n<p>Si tiene una cuenta en este sitio o ha dejado comentarios, puede solicitar recibir un archivo exportado de los datos personales que tenemos sobre usted, incluidos los datos que nos haya proporcionado. Tambi\u00e9n puede solicitar que eliminemos cualquier dato personal que tengamos sobre usted. Esto no incluye ning\u00fan dato que estemos obligados a conservar con fines administrativos, legales o de seguridad.<\/p>\n\n\n\n<h5 class=\"wp-block-heading\">Donde enviamos tus datos<\/h5>\n\n\n\n<p>Los comentarios de los visitantes puede que los revise un servicio de detecci\u00f3n autom\u00e1tica de spam.<\/p>\n\n\n\n<p>Tu informaci\u00f3n de contacto<\/p>\n\n\n\n<p>Informaci\u00f3n Adicional<\/p>\n\n\n\n<p>C\u00f3mo protegemos sus datos<\/p>\n\n\n\n<p>Qu\u00e9 procedimientos de violaci\u00f3n de datos tenemos implementados<\/p>\n\n\n\n<p>De qu\u00e9 terceros recibimos datos<\/p>\n\n\n\n<p>Qu\u00e9 toma de decisiones automatizada y\/o elaboraci\u00f3n de perfiles hacemos con los datos de los usuarios<\/p>\n\n\n\n<p>Requisitos de divulgaci\u00f3n reglamentarios de la industria<\/p>\n\n\n\n<div style=\"height:40px\" aria-hidden=\"true\" class=\"wp-block-spacer\"><\/div>\n\n\n\n<h2 class=\"wp-block-heading\">Pol\u00edtica de Cookies<\/h2>\n\n\n\n<!-- Legal document generated by Complianz | GDPR\/CCPA Cookie Consent https:\/\/wordpress.org\/plugins\/complianz-gdpr -->\n<div id=\"cmplz-document\" class=\"cmplz-document cookie-statement cmplz-document-eu\"><p><i>Aquesta pol\u00edtica de galetes es va actualitzar per \u00faltima vegada el novembre 3, 2022 i s\u2019aplica a ciutadans i residents legals permanents de l'Espai Econ\u00f2mic Europeu i Su\u00efssa.<\/i><br><\/p><h2>1. Introducci\u00f3<\/h2><p>El nostre lloc web, <a href=\"https:\/\/vinemp.com\/ca\">https:\/\/vinemp.com\/ca<\/a> (d'ara endavant  \"el lloc web\") utilitza galetes i altres tecnologies relacionades (per comoditat, totes les tecnologies es denominen  \"galetes\"). Les galetes tamb\u00e9 s\u00f3n col\u00b7locades per tercers que hem contractat. En el document seg\u00fcent us informem sobre l'\u00fas de les galetes al nostre lloc web.<\/p><h2>2. Qu\u00e8 s\u00f3n les galetes?<\/h2><p>Una galeta \u00e9s un fitxer petit i senzill que s'envia juntament amb p\u00e0gines d'aquest lloc web i que el vostre navegador emmagatzema al disc dur de l'ordinador o un altre dispositiu. La informaci\u00f3 emmagatzemada en ell es pot tornar als nostres servidors o als servidors dels tercers corresponents durant una visita posterior.<\/p><h2>3. Qu\u00e8 s\u00f3n els scripts?<\/h2><p>Un script \u00e9s una pe\u00e7a de codi de programari que s'utilitza per a que el nostre web funcioni correctament i interactivament. Aquest codi s'executa al nostre servidor o al vostre dispositiu.<\/p><h2>4. Qu\u00e8 \u00e9s una balisa web?<\/h2><p>Una balisa web (o una etiqueta de p\u00edxel) \u00e9s una petita i invisible pe\u00e7a de text o imatge en un lloc web que s'utilitza per controlar el tr\u00e0nsit d'un lloc web. Per fer-ho, s'emmagatzemen diverses dades utilitzant balises web.<\/p><h2>5. Galetes<\/h2><p class=\"cmplz-subtitle\">5.1 Galetes t\u00e8cniques o funcionals<\/p><p>Algunes galetes asseguren que certes parts del lloc web funcionen correctament i que les prefer\u00e8ncies dels usuaris segueixin sent conegudes. Utilitzant galetes funcionals, us facilitem que visiteu el nostre lloc web. D'aquesta manera, no cal que introdu\u00efu repetidament la mateixa informaci\u00f3 quan visiteu el nostre lloc web i, per exemple, els elements romanen al carret\u00f3 de la compra fins que h\u00e0giu pagat. Podem posar aquestes galetes sense el vostre consentiment.<\/p><p class=\"cmplz-subtitle\">5.2 Cookies d&#039;estad\u00edstica<\/p><p>Utilitzem cookies anal\u00edtiques per optimitzar l'experi\u00e8ncia del lloc web per als nostres usuaris. Amb aquestes cookies anal\u00edtiques obtenim informaci\u00f3 sobre l'\u00fas del nostre lloc web.&nbsp;Us demanem perm\u00eds per col\u00b7locar cookies d'estad\u00edstiques.<\/p><p class=\"cmplz-subtitle\">5.3 Cookies de m\u00e0rqueting\/seguiment<\/p><p>Les galetes de m\u00e0rqueting\/seguiment s\u00f3n galetes o qualsevol altra forma d'emmagatzematge local que s'utilitzen per crear perfils d'usuari per mostrar publicitat o per fer un seguiment de l'usuari en aquest lloc web o en diversos llocs web amb finalitats de m\u00e0rqueting similars.<\/p><h2>6. Galetes col\u00b7locades<\/h2><div id=\"cmplz-cookies-overview\"><\/div><h2>7. Consentiment<\/h2><p>Quan visiteu el nostre lloc web per primera vegada, us mostrarem un missatge emergent amb una explicaci\u00f3 sobre les cookies. Tan bon punt com feu clic a \"Guardar preferencias\", ens consentiu a utilitzar les categories de cookies i extensions que heu seleccionat al missatge emergent, tal i com es descriu en aquesta Pol\u00edtica de cookies. Podeu desactivar l\u2019\u00fas de cookies a trav\u00e9s del vostre navegador, per\u00f2 tingueu en compte que pot ser que el nostre lloc web ja no funcioni correctament.<\/p><p class=\"cmplz-subtitle\">7.1 Gestioneu la vostra configuraci\u00f3 de consentiment<\/p><div id=\"cmplz-manage-consent-container-nojavascript\">Heu carregat la Pol\u00edtica de galetes sense suport javascript.&nbsp;A AMP, podeu utilitzar el bot\u00f3 de gesti\u00f3 del consentiment a la part inferior de la p\u00e0gina.<\/div><div id=\"cmplz-manage-consent-container\" class=\"cmplz-manage-consent-container\"><\/div><h2>8. Activaci\u00f3 \/ desactivaci\u00f3 i eliminaci\u00f3 de galetes<\/h2><p>Podeu utilitzar el navegador per a esborrar les cookies autom\u00e0ticament o manualment. A m\u00e9s, podeu especificar que determinades cookies no siguin col\u00b7locades. Una altra opci\u00f3 \u00e9s canviar les prefer\u00e8ncies del vostre navegador per a rebre un missatge cada cop que una cookie \u00e9s col\u00b7locada. Per a m\u00e9s informaci\u00f3, podeu consultar les instruccions a l'Ajuda del vostre navegador.<\/p><p>Tingueu en compte que el nostre lloc web pot no funcionar correctament si totes les galetes estan desactivades. Si suprimiu les galetes del navegador, se'n crearan de noves despr\u00e9s del vostre consentiment quan torneu a visitar els nostres llocs web.<\/p><h2>9. Els vostres drets respecte de les dades personals<\/h2><p>Teniu els drets seg\u00fcents respecte a les vostres dades personals:<\/p><ul>\n                    <li>Teniu dret a saber per qu\u00e8 es necessiten les vostres dades personals, qu\u00e8 hi passar\u00e0 i quant de temps es conservaran.<\/li>\n                    <li>Dret d'acc\u00e9s: teniu dret a accedir a les vostres dades personals que ens s\u00f3n conegudes.<\/li>\n                    <li>Dret de rectificaci\u00f3: teniu dret a completar, corregir, suprimir o bloquejar les vostres dades personals sempre que ho desitgeu.<\/li>\n                    <li>Si ens doneu el consentiment per processar les seves dades, teniu el dret de revocar aquest consentiment i de suprimir les vostres dades personals.<\/li>\n                    <li>Dret de transferir les vostres dades: teniu el dret de sol\u00b7licitar totes les dades personals del controlador i transferir-les en la seva totalitat a un altre controlador.<\/li>\n                    <li>Dret a l'oposici\u00f3: podeu oposar-vos al processament de les vostres dades. Complim amb aix\u00f2, tret que hi hagi motius justificats per al processament.<\/li>\n                <\/ul><p>Per exercir aquests drets, poseu-vos en contacte amb nosaltres. Consulteu les dades de contacte a la part inferior d'aquesta Pol\u00edtica de cookies. Si teniu una queixa sobre com gestionem les vostres dades, ens agradaria escoltar-vos, per\u00f2 tamb\u00e9 teniu el dret de presentar una reclamaci\u00f3 a l'autoritat de supervisi\u00f3 (l'Ag\u00e8ncia de Protecci\u00f3 de Dades).<\/p><h2>10. Detalls de contacte<\/h2><p>Per a preguntes i\/o comentaris sobre la nostra Pol\u00edtica de galetes i aquesta declaraci\u00f3, poseu-vos en contacte amb nosaltres mitjan\u00e7ant les seg\u00fcents dades de contacte:<\/p><p><span class=\"cmplz-contact-organisation\">Vinemp<\/span><br>\n                      <span class=\"cmplz-contact-address\">Carrer de Proven\u00e7a, 349<br \/>\r\n08037 Barcelona<\/span><br>\n                      <span class=\"cmplz-contact-country\">Espanya<\/span><br>\n                      <span class=\"cmplz-contact-domain\">Lloc web: <a href=\"https:\/\/vinemp.com\/ca\">https:\/\/vinemp.com\/ca<\/a><\/span><br>\n                      <span class=\"cmplz-contact-email\">Correu electr\u00f2nic: <span class=\"cmplz-obfuscate\">&#118;&#105;&#110;&#101;mp@<span class=\"cmplz-fmail-domain\">ex&#046;com<\/span>vin&#101;&#109;p.com<\/span><\/span><br>\n                    <span class=\"cmplz-contact-telephone\"><\/span><\/p><p>Aquesta pol\u00edtica de galetes s'ha sincronitzat amb <a href=\"https:\/\/cookiedatabase.org\/\" target=\"_blank\">cookiedatabase.org<\/a> el novembre 3, 2022.<\/p><\/div>","protected":false},"excerpt":{"rendered":"<p>Qui\u00e9nes somos La direcci\u00f3n de nuestro sitio web es: http:\/\/vinemp.com. Qu\u00e9 datos personales recopilamos y por qu\u00e9 los recopilamos Comentarios&#8230;<\/p>\n","protected":false},"author":1,"featured_media":0,"parent":0,"menu_order":0,"comment_status":"closed","ping_status":"closed","template":"","meta":{"footnotes":""},"class_list":["post-14404","page","type-page","status-publish","hentry"],"yoast_head":"<!-- This site is optimized with the Yoast SEO plugin v27.4 - https:\/\/yoast.com\/product\/yoast-seo-wordpress\/ -->\n<title>Pol\u00edtica de Privacidad y Cookies - Vinemp - Empresa de art\u00edculos decorativos para pasteler\u00edas y decoraci\u00f3n de escaparates.<\/title>\n<meta name=\"robots\" content=\"index, follow, max-snippet:-1, max-image-preview:large, max-video-preview:-1\" \/>\n<link rel=\"canonical\" href=\"https:\/\/vinemp.com\/ca\/politica-de-privacidad-y-cookies\" \/>\n<meta property=\"og:locale\" content=\"ca_ES\" \/>\n<meta property=\"og:type\" content=\"article\" \/>\n<meta property=\"og:title\" content=\"Pol\u00edtica de Privacidad y Cookies - Vinemp - Empresa de art\u00edculos decorativos para pasteler\u00edas y decoraci\u00f3n de escaparates.\" \/>\n<meta property=\"og:description\" content=\"Qui\u00e9nes somos La direcci\u00f3n de nuestro sitio web es: http:\/\/vinemp.com. Qu\u00e9 datos personales recopilamos y por qu\u00e9 los recopilamos Comentarios...\" \/>\n<meta property=\"og:url\" content=\"https:\/\/vinemp.com\/ca\/politica-de-privacidad-y-cookies\" \/>\n<meta property=\"og:site_name\" content=\"Vinemp - Empresa de art\u00edculos decorativos para pasteler\u00edas y decoraci\u00f3n de escaparates.\" \/>\n<meta property=\"article:modified_time\" content=\"2023-02-19T09:47:13+00:00\" \/>\n<meta name=\"twitter:card\" content=\"summary_large_image\" \/>\n<meta name=\"twitter:label1\" content=\"Temps estimat de lectura\" \/>\n\t<meta name=\"twitter:data1\" content=\"4 minuts\" \/>\n<script type=\"application\/ld+json\" class=\"yoast-schema-graph\">{\"@context\":\"https:\\\/\\\/schema.org\",\"@graph\":[{\"@type\":\"WebPage\",\"@id\":\"https:\\\/\\\/vinemp.com\\\/ca\\\/politica-de-privacidad-y-cookies\",\"url\":\"https:\\\/\\\/vinemp.com\\\/ca\\\/politica-de-privacidad-y-cookies\",\"name\":\"Pol\u00edtica de Privacidad y Cookies - Vinemp - Empresa de art\u00edculos decorativos para pasteler\u00edas y decoraci\u00f3n de escaparates.\",\"isPartOf\":{\"@id\":\"https:\\\/\\\/vinemp.com\\\/ca#website\"},\"datePublished\":\"2022-11-03T06:03:26+00:00\",\"dateModified\":\"2023-02-19T09:47:13+00:00\",\"breadcrumb\":{\"@id\":\"https:\\\/\\\/vinemp.com\\\/ca\\\/politica-de-privacidad-y-cookies#breadcrumb\"},\"inLanguage\":\"ca\",\"potentialAction\":[{\"@type\":\"ReadAction\",\"target\":[\"https:\\\/\\\/vinemp.com\\\/ca\\\/politica-de-privacidad-y-cookies\"]}]},{\"@type\":\"BreadcrumbList\",\"@id\":\"https:\\\/\\\/vinemp.com\\\/ca\\\/politica-de-privacidad-y-cookies#breadcrumb\",\"itemListElement\":[{\"@type\":\"ListItem\",\"position\":1,\"name\":\"Portada\",\"item\":\"https:\\\/\\\/vinemp.com\\\/ca\"},{\"@type\":\"ListItem\",\"position\":2,\"name\":\"Pol\u00edtica de Privacidad y Cookies\"}]},{\"@type\":\"WebSite\",\"@id\":\"https:\\\/\\\/vinemp.com\\\/ca#website\",\"url\":\"https:\\\/\\\/vinemp.com\\\/ca\",\"name\":\"Vinemp - Tienda de art\u00edculos de decoraci\u00f3n\",\"description\":\"Empresa de art\u00edculos decorativos para pasteler\u00edas y decoraci\u00f3n de escaparates.\",\"publisher\":{\"@id\":\"https:\\\/\\\/vinemp.com\\\/ca#organization\"},\"potentialAction\":[{\"@type\":\"SearchAction\",\"target\":{\"@type\":\"EntryPoint\",\"urlTemplate\":\"https:\\\/\\\/vinemp.com\\\/ca?s={search_term_string}\"},\"query-input\":{\"@type\":\"PropertyValueSpecification\",\"valueRequired\":true,\"valueName\":\"search_term_string\"}}],\"inLanguage\":\"ca\"},{\"@type\":\"Organization\",\"@id\":\"https:\\\/\\\/vinemp.com\\\/ca#organization\",\"name\":\"Vinemp - Tienda de art\u00edculos de decoraci\u00f3n\",\"url\":\"https:\\\/\\\/vinemp.com\\\/ca\",\"logo\":{\"@type\":\"ImageObject\",\"inLanguage\":\"ca\",\"@id\":\"https:\\\/\\\/vinemp.com\\\/ca#\\\/schema\\\/logo\\\/image\\\/\",\"url\":\"https:\\\/\\\/vinemp.com\\\/wp-content\\\/uploads\\\/2023\\\/02\\\/cropped-vinemp-logo.png\",\"contentUrl\":\"https:\\\/\\\/vinemp.com\\\/wp-content\\\/uploads\\\/2023\\\/02\\\/cropped-vinemp-logo.png\",\"width\":758,\"height\":376,\"caption\":\"Vinemp - Tienda de art\u00edculos de decoraci\u00f3n\"},\"image\":{\"@id\":\"https:\\\/\\\/vinemp.com\\\/ca#\\\/schema\\\/logo\\\/image\\\/\"}}]}<\/script>\n<!-- \/ Yoast SEO plugin. -->","yoast_head_json":{"title":"Pol\u00edtica de Privacidad y Cookies - Vinemp - Empresa de art\u00edculos decorativos para pasteler\u00edas y decoraci\u00f3n de escaparates.","robots":{"index":"index","follow":"follow","max-snippet":"max-snippet:-1","max-image-preview":"max-image-preview:large","max-video-preview":"max-video-preview:-1"},"canonical":"https:\/\/vinemp.com\/ca\/politica-de-privacidad-y-cookies","og_locale":"ca_ES","og_type":"article","og_title":"Pol\u00edtica de Privacidad y Cookies - Vinemp - Empresa de art\u00edculos decorativos para pasteler\u00edas y decoraci\u00f3n de escaparates.","og_description":"Qui\u00e9nes somos La direcci\u00f3n de nuestro sitio web es: http:\/\/vinemp.com. Qu\u00e9 datos personales recopilamos y por qu\u00e9 los recopilamos Comentarios...","og_url":"https:\/\/vinemp.com\/ca\/politica-de-privacidad-y-cookies","og_site_name":"Vinemp - Empresa de art\u00edculos decorativos para pasteler\u00edas y decoraci\u00f3n de escaparates.","article_modified_time":"2023-02-19T09:47:13+00:00","twitter_card":"summary_large_image","twitter_misc":{"Temps estimat de lectura":"4 minuts"},"schema":{"@context":"https:\/\/schema.org","@graph":[{"@type":"WebPage","@id":"https:\/\/vinemp.com\/ca\/politica-de-privacidad-y-cookies","url":"https:\/\/vinemp.com\/ca\/politica-de-privacidad-y-cookies","name":"Pol\u00edtica de Privacidad y Cookies - Vinemp - Empresa de art\u00edculos decorativos para pasteler\u00edas y decoraci\u00f3n de escaparates.","isPartOf":{"@id":"https:\/\/vinemp.com\/ca#website"},"datePublished":"2022-11-03T06:03:26+00:00","dateModified":"2023-02-19T09:47:13+00:00","breadcrumb":{"@id":"https:\/\/vinemp.com\/ca\/politica-de-privacidad-y-cookies#breadcrumb"},"inLanguage":"ca","potentialAction":[{"@type":"ReadAction","target":["https:\/\/vinemp.com\/ca\/politica-de-privacidad-y-cookies"]}]},{"@type":"BreadcrumbList","@id":"https:\/\/vinemp.com\/ca\/politica-de-privacidad-y-cookies#breadcrumb","itemListElement":[{"@type":"ListItem","position":1,"name":"Portada","item":"https:\/\/vinemp.com\/ca"},{"@type":"ListItem","position":2,"name":"Pol\u00edtica de Privacidad y Cookies"}]},{"@type":"WebSite","@id":"https:\/\/vinemp.com\/ca#website","url":"https:\/\/vinemp.com\/ca","name":"Vinemp - Tienda de art\u00edculos de decoraci\u00f3n","description":"Empresa de art\u00edculos decorativos para pasteler\u00edas y decoraci\u00f3n de escaparates.","publisher":{"@id":"https:\/\/vinemp.com\/ca#organization"},"potentialAction":[{"@type":"SearchAction","target":{"@type":"EntryPoint","urlTemplate":"https:\/\/vinemp.com\/ca?s={search_term_string}"},"query-input":{"@type":"PropertyValueSpecification","valueRequired":true,"valueName":"search_term_string"}}],"inLanguage":"ca"},{"@type":"Organization","@id":"https:\/\/vinemp.com\/ca#organization","name":"Vinemp - Tienda de art\u00edculos de decoraci\u00f3n","url":"https:\/\/vinemp.com\/ca","logo":{"@type":"ImageObject","inLanguage":"ca","@id":"https:\/\/vinemp.com\/ca#\/schema\/logo\/image\/","url":"https:\/\/vinemp.com\/wp-content\/uploads\/2023\/02\/cropped-vinemp-logo.png","contentUrl":"https:\/\/vinemp.com\/wp-content\/uploads\/2023\/02\/cropped-vinemp-logo.png","width":758,"height":376,"caption":"Vinemp - Tienda de art\u00edculos de decoraci\u00f3n"},"image":{"@id":"https:\/\/vinemp.com\/ca#\/schema\/logo\/image\/"}}]}},"_links":{"self":[{"href":"https:\/\/vinemp.com\/ca\/wp-json\/wp\/v2\/pages\/14404","targetHints":{"allow":["GET"]}}],"collection":[{"href":"https:\/\/vinemp.com\/ca\/wp-json\/wp\/v2\/pages"}],"about":[{"href":"https:\/\/vinemp.com\/ca\/wp-json\/wp\/v2\/types\/page"}],"author":[{"embeddable":true,"href":"https:\/\/vinemp.com\/ca\/wp-json\/wp\/v2\/users\/1"}],"replies":[{"embeddable":true,"href":"https:\/\/vinemp.com\/ca\/wp-json\/wp\/v2\/comments?post=14404"}],"version-history":[{"count":0,"href":"https:\/\/vinemp.com\/ca\/wp-json\/wp\/v2\/pages\/14404\/revisions"}],"wp:attachment":[{"href":"https:\/\/vinemp.com\/ca\/wp-json\/wp\/v2\/media?parent=14404"}],"curies":[{"name":"wp","href":"https:\/\/api.w.org\/{rel}","templated":true}]}}