{"id":12791,"date":"2019-02-01T14:23:50","date_gmt":"2019-02-01T14:23:50","guid":{"rendered":"https:\/\/vinemp.com\/contacto"},"modified":"2025-10-01T12:27:05","modified_gmt":"2025-10-01T12:27:05","slug":"contacto","status":"publish","type":"page","link":"https:\/\/vinemp.com\/ca\/contacto","title":{"rendered":"Contacte"},"content":{"rendered":"\t\t<div data-elementor-type=\"wp-post\" data-elementor-id=\"12791\" class=\"elementor elementor-12791\" data-elementor-post-type=\"page\">\n\t\t\t\t\t\t<section class=\"elementor-section elementor-top-section elementor-element elementor-element-372874b elementor-section-boxed elementor-section-height-default elementor-section-height-default\" data-id=\"372874b\" data-element_type=\"section\" data-e-type=\"section\">\n\t\t\t\t\t\t<div class=\"elementor-container elementor-column-gap-default\">\n\t\t\t\t\t<div class=\"elementor-column elementor-col-100 elementor-top-column elementor-element elementor-element-3ea2882\" data-id=\"3ea2882\" data-element_type=\"column\" data-e-type=\"column\">\n\t\t\t<div class=\"elementor-widget-wrap elementor-element-populated\">\n\t\t\t\t\t\t<div class=\"elementor-element elementor-element-78d2d2c elementor-widget elementor-widget-heading\" data-id=\"78d2d2c\" data-element_type=\"widget\" data-e-type=\"widget\" data-widget_type=\"heading.default\">\n\t\t\t\t<div class=\"elementor-widget-container\">\n\t\t\t\t\t<h2 class=\"elementor-heading-title elementor-size-default\">Contacte<\/h2>\t\t\t\t<\/div>\n\t\t\t\t<\/div>\n\t\t\t\t<div class=\"elementor-element elementor-element-e911526 elementor-widget elementor-widget-heading\" data-id=\"e911526\" data-element_type=\"widget\" data-e-type=\"widget\" data-widget_type=\"heading.default\">\n\t\t\t\t<div class=\"elementor-widget-container\">\n\t\t\t\t\t<p class=\"elementor-heading-title elementor-size-default\">Per a qualsevol consulta o comanda, pots contactar-nos al +34 93 458 62 81.<br><br>\nAtenci\u00f3 telef\u00f2nica de <strong>dilluns a divendres, de 09.00 a 18.00.<\/strong><\/p>\t\t\t\t<\/div>\n\t\t\t\t<\/div>\n\t\t\t\t\t<\/div>\n\t\t<\/div>\n\t\t\t\t\t<\/div>\n\t\t<\/section>\n\t\t\t\t<section class=\"elementor-section elementor-top-section elementor-element elementor-element-d6bdd77 elementor-section-boxed elementor-section-height-default elementor-section-height-default\" data-id=\"d6bdd77\" data-element_type=\"section\" data-e-type=\"section\">\n\t\t\t\t\t\t<div class=\"elementor-container elementor-column-gap-default\">\n\t\t\t\t\t<div class=\"elementor-column elementor-col-33 elementor-top-column elementor-element elementor-element-9ff7b4e\" data-id=\"9ff7b4e\" data-element_type=\"column\" data-e-type=\"column\">\n\t\t\t<div class=\"elementor-widget-wrap elementor-element-populated\">\n\t\t\t\t\t\t<div class=\"elementor-element elementor-element-53e8a1a elementor-widget elementor-widget-heading\" data-id=\"53e8a1a\" data-element_type=\"widget\" data-e-type=\"widget\" data-widget_type=\"heading.default\">\n\t\t\t\t<div class=\"elementor-widget-container\">\n\t\t\t\t\t<h2 class=\"elementor-heading-title elementor-size-default\">Direcci\u00f3<\/h2>\t\t\t\t<\/div>\n\t\t\t\t<\/div>\n\t\t\t\t<div class=\"elementor-element elementor-element-bf260de elementor-widget elementor-widget-heading\" data-id=\"bf260de\" data-element_type=\"widget\" data-e-type=\"widget\" data-widget_type=\"heading.default\">\n\t\t\t\t<div class=\"elementor-widget-container\">\n\t\t\t\t\t<p class=\"elementor-heading-title elementor-size-default\">C\/ de Grassot, 43, <br>08025 Barcelona<\/p>\t\t\t\t<\/div>\n\t\t\t\t<\/div>\n\t\t\t\t\t<\/div>\n\t\t<\/div>\n\t\t\t\t<div class=\"elementor-column elementor-col-33 elementor-top-column elementor-element elementor-element-9a5706e\" data-id=\"9a5706e\" data-element_type=\"column\" data-e-type=\"column\">\n\t\t\t<div class=\"elementor-widget-wrap elementor-element-populated\">\n\t\t\t\t\t\t<div class=\"elementor-element elementor-element-db2004c elementor-widget elementor-widget-heading\" data-id=\"db2004c\" data-element_type=\"widget\" data-e-type=\"widget\" data-widget_type=\"heading.default\">\n\t\t\t\t<div class=\"elementor-widget-container\">\n\t\t\t\t\t<h2 class=\"elementor-heading-title elementor-size-default\">Email<\/h2>\t\t\t\t<\/div>\n\t\t\t\t<\/div>\n\t\t\t\t<div class=\"elementor-element elementor-element-9f1814c elementor-widget elementor-widget-heading\" data-id=\"9f1814c\" data-element_type=\"widget\" data-e-type=\"widget\" data-widget_type=\"heading.default\">\n\t\t\t\t<div class=\"elementor-widget-container\">\n\t\t\t\t\t<p class=\"elementor-heading-title elementor-size-default\">vinemp@vinemp.com<\/p>\t\t\t\t<\/div>\n\t\t\t\t<\/div>\n\t\t\t\t\t<\/div>\n\t\t<\/div>\n\t\t\t\t<div class=\"elementor-column elementor-col-33 elementor-top-column elementor-element elementor-element-6bed0e5\" data-id=\"6bed0e5\" data-element_type=\"column\" data-e-type=\"column\">\n\t\t\t<div class=\"elementor-widget-wrap elementor-element-populated\">\n\t\t\t\t\t\t<div class=\"elementor-element elementor-element-525b948 elementor-widget elementor-widget-heading\" data-id=\"525b948\" data-element_type=\"widget\" data-e-type=\"widget\" data-widget_type=\"heading.default\">\n\t\t\t\t<div class=\"elementor-widget-container\">\n\t\t\t\t\t<h2 class=\"elementor-heading-title elementor-size-default\">Tel\u00e8fon<\/h2>\t\t\t\t<\/div>\n\t\t\t\t<\/div>\n\t\t\t\t<div class=\"elementor-element elementor-element-f5d357b elementor-widget elementor-widget-heading\" data-id=\"f5d357b\" data-element_type=\"widget\" data-e-type=\"widget\" data-widget_type=\"heading.default\">\n\t\t\t\t<div class=\"elementor-widget-container\">\n\t\t\t\t\t<p class=\"elementor-heading-title elementor-size-default\">+34 93 458 62 81<br><\/p>\t\t\t\t<\/div>\n\t\t\t\t<\/div>\n\t\t\t\t\t<\/div>\n\t\t<\/div>\n\t\t\t\t\t<\/div>\n\t\t<\/section>\n\t\t\t\t<section class=\"elementor-section elementor-top-section elementor-element elementor-element-0d639a5 elementor-section-stretched elementor-section-full_width elementor-section-height-default elementor-section-height-default\" data-id=\"0d639a5\" data-element_type=\"section\" data-e-type=\"section\" data-settings=\"{&quot;stretch_section&quot;:&quot;section-stretched&quot;}\">\n\t\t\t\t\t\t<div class=\"elementor-container elementor-column-gap-default\">\n\t\t\t\t\t<div class=\"elementor-column elementor-col-100 elementor-top-column elementor-element elementor-element-4ad018f elementor-hidden-phone\" data-id=\"4ad018f\" data-element_type=\"column\" data-e-type=\"column\">\n\t\t\t<div class=\"elementor-widget-wrap elementor-element-populated\">\n\t\t\t\t\t\t<div class=\"elementor-element elementor-element-fb654b7 elementor-hidden-phone elementor-widget elementor-widget-google_maps\" data-id=\"fb654b7\" data-element_type=\"widget\" data-e-type=\"widget\" data-widget_type=\"google_maps.default\">\n\t\t\t\t<div class=\"elementor-widget-container\">\n\t\t\t\t\t\t\t<div class=\"elementor-custom-embed\">\n\t\t\t<iframe loading=\"lazy\"\n\t\t\t\t\tsrc=\"https:\/\/maps.google.com\/maps?q=C%2F%20de%20Grassot%2C%2043%2C%2008025%20Barcelona&#038;t=m&#038;z=16&#038;output=embed&#038;iwloc=near\"\n\t\t\t\t\ttitle=\"C\/ de Grassot, 43, 08025 Barcelona\"\n\t\t\t\t\taria-label=\"C\/ de Grassot, 43, 08025 Barcelona\"\n\t\t\t><\/iframe>\n\t\t<\/div>\n\t\t\t\t\t\t<\/div>\n\t\t\t\t<\/div>\n\t\t\t\t\t<\/div>\n\t\t<\/div>\n\t\t\t\t\t<\/div>\n\t\t<\/section>\n\t\t\t\t<\/div>\n\t\t","protected":false},"excerpt":{"rendered":"<p>Contacte Per a qualsevol consulta o comanda, pots contactar-nos al +34 93 458 62 81. Atenci\u00f3 telef\u00f2nica de dilluns a&#8230;<\/p>\n","protected":false},"author":1,"featured_media":0,"parent":0,"menu_order":0,"comment_status":"closed","ping_status":"closed","template":"","meta":{"footnotes":""},"class_list":["post-12791","page","type-page","status-publish","hentry"],"yoast_head":"<!-- This site is optimized with the Yoast SEO plugin v27.5 - https:\/\/yoast.com\/product\/yoast-seo-wordpress\/ -->\n<title>Contacte - Vinemp - Empresa de art\u00edculos decorativos para pasteler\u00edas y decoraci\u00f3n de escaparates.<\/title>\n<meta name=\"robots\" content=\"index, follow, max-snippet:-1, max-image-preview:large, max-video-preview:-1\" \/>\n<link rel=\"canonical\" href=\"https:\/\/vinemp.com\/ca\/contacto\" \/>\n<meta property=\"og:locale\" content=\"ca_ES\" \/>\n<meta property=\"og:type\" content=\"article\" \/>\n<meta property=\"og:title\" content=\"Contacte - Vinemp - Empresa de art\u00edculos decorativos para pasteler\u00edas y decoraci\u00f3n de escaparates.\" \/>\n<meta property=\"og:description\" content=\"Contacte Per a qualsevol consulta o comanda, pots contactar-nos al +34 93 458 62 81. Atenci\u00f3 telef\u00f2nica de dilluns a...\" \/>\n<meta property=\"og:url\" content=\"https:\/\/vinemp.com\/ca\/contacto\" \/>\n<meta property=\"og:site_name\" content=\"Vinemp - Empresa de art\u00edculos decorativos para pasteler\u00edas y decoraci\u00f3n de escaparates.\" \/>\n<meta property=\"article:modified_time\" content=\"2025-10-01T12:27:05+00:00\" \/>\n<meta name=\"twitter:card\" content=\"summary_large_image\" \/>\n<meta name=\"twitter:label1\" content=\"Temps estimat de lectura\" \/>\n\t<meta name=\"twitter:data1\" content=\"1 minut\" \/>\n<script type=\"application\/ld+json\" class=\"yoast-schema-graph\">{\"@context\":\"https:\\\/\\\/schema.org\",\"@graph\":[{\"@type\":\"WebPage\",\"@id\":\"https:\\\/\\\/vinemp.com\\\/ca\\\/contacto\",\"url\":\"https:\\\/\\\/vinemp.com\\\/ca\\\/contacto\",\"name\":\"Contacte - Vinemp - Empresa de art\u00edculos decorativos para pasteler\u00edas y decoraci\u00f3n de escaparates.\",\"isPartOf\":{\"@id\":\"https:\\\/\\\/vinemp.com\\\/ca#website\"},\"datePublished\":\"2019-02-01T14:23:50+00:00\",\"dateModified\":\"2025-10-01T12:27:05+00:00\",\"breadcrumb\":{\"@id\":\"https:\\\/\\\/vinemp.com\\\/ca\\\/contacto#breadcrumb\"},\"inLanguage\":\"ca\",\"potentialAction\":[{\"@type\":\"ReadAction\",\"target\":[\"https:\\\/\\\/vinemp.com\\\/ca\\\/contacto\"]}]},{\"@type\":\"BreadcrumbList\",\"@id\":\"https:\\\/\\\/vinemp.com\\\/ca\\\/contacto#breadcrumb\",\"itemListElement\":[{\"@type\":\"ListItem\",\"position\":1,\"name\":\"Portada\",\"item\":\"https:\\\/\\\/vinemp.com\\\/ca\"},{\"@type\":\"ListItem\",\"position\":2,\"name\":\"Contacte\"}]},{\"@type\":\"WebSite\",\"@id\":\"https:\\\/\\\/vinemp.com\\\/ca#website\",\"url\":\"https:\\\/\\\/vinemp.com\\\/ca\",\"name\":\"Vinemp - Tienda de art\u00edculos de decoraci\u00f3n\",\"description\":\"Empresa de art\u00edculos decorativos para pasteler\u00edas y decoraci\u00f3n de escaparates.\",\"publisher\":{\"@id\":\"https:\\\/\\\/vinemp.com\\\/ca#organization\"},\"potentialAction\":[{\"@type\":\"SearchAction\",\"target\":{\"@type\":\"EntryPoint\",\"urlTemplate\":\"https:\\\/\\\/vinemp.com\\\/ca?s={search_term_string}\"},\"query-input\":{\"@type\":\"PropertyValueSpecification\",\"valueRequired\":true,\"valueName\":\"search_term_string\"}}],\"inLanguage\":\"ca\"},{\"@type\":\"Organization\",\"@id\":\"https:\\\/\\\/vinemp.com\\\/ca#organization\",\"name\":\"Vinemp - Tienda de art\u00edculos de decoraci\u00f3n\",\"url\":\"https:\\\/\\\/vinemp.com\\\/ca\",\"logo\":{\"@type\":\"ImageObject\",\"inLanguage\":\"ca\",\"@id\":\"https:\\\/\\\/vinemp.com\\\/ca#\\\/schema\\\/logo\\\/image\\\/\",\"url\":\"https:\\\/\\\/vinemp.com\\\/wp-content\\\/uploads\\\/2023\\\/02\\\/cropped-vinemp-logo.png\",\"contentUrl\":\"https:\\\/\\\/vinemp.com\\\/wp-content\\\/uploads\\\/2023\\\/02\\\/cropped-vinemp-logo.png\",\"width\":758,\"height\":376,\"caption\":\"Vinemp - Tienda de art\u00edculos de decoraci\u00f3n\"},\"image\":{\"@id\":\"https:\\\/\\\/vinemp.com\\\/ca#\\\/schema\\\/logo\\\/image\\\/\"}}]}<\/script>\n<!-- \/ Yoast SEO plugin. -->","yoast_head_json":{"title":"Contacte - Vinemp - Empresa de art\u00edculos decorativos para pasteler\u00edas y decoraci\u00f3n de escaparates.","robots":{"index":"index","follow":"follow","max-snippet":"max-snippet:-1","max-image-preview":"max-image-preview:large","max-video-preview":"max-video-preview:-1"},"canonical":"https:\/\/vinemp.com\/ca\/contacto","og_locale":"ca_ES","og_type":"article","og_title":"Contacte - Vinemp - Empresa de art\u00edculos decorativos para pasteler\u00edas y decoraci\u00f3n de escaparates.","og_description":"Contacte Per a qualsevol consulta o comanda, pots contactar-nos al +34 93 458 62 81. Atenci\u00f3 telef\u00f2nica de dilluns a...","og_url":"https:\/\/vinemp.com\/ca\/contacto","og_site_name":"Vinemp - Empresa de art\u00edculos decorativos para pasteler\u00edas y decoraci\u00f3n de escaparates.","article_modified_time":"2025-10-01T12:27:05+00:00","twitter_card":"summary_large_image","twitter_misc":{"Temps estimat de lectura":"1 minut"},"schema":{"@context":"https:\/\/schema.org","@graph":[{"@type":"WebPage","@id":"https:\/\/vinemp.com\/ca\/contacto","url":"https:\/\/vinemp.com\/ca\/contacto","name":"Contacte - Vinemp - Empresa de art\u00edculos decorativos para pasteler\u00edas y decoraci\u00f3n de escaparates.","isPartOf":{"@id":"https:\/\/vinemp.com\/ca#website"},"datePublished":"2019-02-01T14:23:50+00:00","dateModified":"2025-10-01T12:27:05+00:00","breadcrumb":{"@id":"https:\/\/vinemp.com\/ca\/contacto#breadcrumb"},"inLanguage":"ca","potentialAction":[{"@type":"ReadAction","target":["https:\/\/vinemp.com\/ca\/contacto"]}]},{"@type":"BreadcrumbList","@id":"https:\/\/vinemp.com\/ca\/contacto#breadcrumb","itemListElement":[{"@type":"ListItem","position":1,"name":"Portada","item":"https:\/\/vinemp.com\/ca"},{"@type":"ListItem","position":2,"name":"Contacte"}]},{"@type":"WebSite","@id":"https:\/\/vinemp.com\/ca#website","url":"https:\/\/vinemp.com\/ca","name":"Vinemp - Tienda de art\u00edculos de decoraci\u00f3n","description":"Empresa de art\u00edculos decorativos para pasteler\u00edas y decoraci\u00f3n de escaparates.","publisher":{"@id":"https:\/\/vinemp.com\/ca#organization"},"potentialAction":[{"@type":"SearchAction","target":{"@type":"EntryPoint","urlTemplate":"https:\/\/vinemp.com\/ca?s={search_term_string}"},"query-input":{"@type":"PropertyValueSpecification","valueRequired":true,"valueName":"search_term_string"}}],"inLanguage":"ca"},{"@type":"Organization","@id":"https:\/\/vinemp.com\/ca#organization","name":"Vinemp - Tienda de art\u00edculos de decoraci\u00f3n","url":"https:\/\/vinemp.com\/ca","logo":{"@type":"ImageObject","inLanguage":"ca","@id":"https:\/\/vinemp.com\/ca#\/schema\/logo\/image\/","url":"https:\/\/vinemp.com\/wp-content\/uploads\/2023\/02\/cropped-vinemp-logo.png","contentUrl":"https:\/\/vinemp.com\/wp-content\/uploads\/2023\/02\/cropped-vinemp-logo.png","width":758,"height":376,"caption":"Vinemp - Tienda de art\u00edculos de decoraci\u00f3n"},"image":{"@id":"https:\/\/vinemp.com\/ca#\/schema\/logo\/image\/"}}]}},"_links":{"self":[{"href":"https:\/\/vinemp.com\/ca\/wp-json\/wp\/v2\/pages\/12791","targetHints":{"allow":["GET"]}}],"collection":[{"href":"https:\/\/vinemp.com\/ca\/wp-json\/wp\/v2\/pages"}],"about":[{"href":"https:\/\/vinemp.com\/ca\/wp-json\/wp\/v2\/types\/page"}],"author":[{"embeddable":true,"href":"https:\/\/vinemp.com\/ca\/wp-json\/wp\/v2\/users\/1"}],"replies":[{"embeddable":true,"href":"https:\/\/vinemp.com\/ca\/wp-json\/wp\/v2\/comments?post=12791"}],"version-history":[{"count":3,"href":"https:\/\/vinemp.com\/ca\/wp-json\/wp\/v2\/pages\/12791\/revisions"}],"predecessor-version":[{"id":21497,"href":"https:\/\/vinemp.com\/ca\/wp-json\/wp\/v2\/pages\/12791\/revisions\/21497"}],"wp:attachment":[{"href":"https:\/\/vinemp.com\/ca\/wp-json\/wp\/v2\/media?parent=12791"}],"curies":[{"name":"wp","href":"https:\/\/api.w.org\/{rel}","templated":true}]}}