{"id":12772,"date":"2020-11-15T16:02:10","date_gmt":"2020-11-15T16:02:10","guid":{"rendered":"https:\/\/vinemp.com\/politica-privacidad"},"modified":"2023-02-19T10:45:16","modified_gmt":"2023-02-19T10:45:16","slug":"politica-privacidad","status":"publish","type":"page","link":"https:\/\/vinemp.com\/ca\/politica-privacidad","title":{"rendered":"Pol\u00edtica de Privacitat"},"content":{"rendered":"\n<h2 class=\"wp-block-heading\">Qui som<\/h2>\n\n\n\n<p>La nostra adre\u00e7a web \u00e9s: http:\/\/vinemp.com.<\/p>\n\n\n\n<h2 class=\"wp-block-heading\">Quines dades personals recopilem i per qu\u00e8 les recopilem<\/h2>\n\n\n\n<h3 class=\"wp-block-heading\">Comentaris<\/h3>\n\n\n\n<p>Quan els visitants deixen comentaris al lloc web recopilem les dades mostrades en el formulari de comentaris, i tamb\u00e9 l&#8217;adre\u00e7a IP del visitant i la cadena d&#8217;agent d&#8217;usuari del navegador per ajudar a la detecci\u00f3 de correu brossa.<\/p>\n\n\n\n<p>Una cadena an\u00f2nima creada a partir de la vostra adre\u00e7a de correu electr\u00f2nic (tamb\u00e9 anomenada hash) es pot proporcionar al servei Gravatar per veure si l&#8217;esteu utilitzant. La pol\u00edtica de privadesa del servei Gravatar est\u00e0 disponible aqu\u00ed: https:\/\/automattic.com\/privacy\/. Despr\u00e9s de l&#8217;aprovaci\u00f3 del comentari, la imatge del perfil \u00e9s visible al p\u00fablic en el context del comentari.<\/p>\n\n\n\n<h3 class=\"wp-block-heading\">Multim\u00e8dia<\/h3>\n\n\n\n<p>Si pugeu imatges al lloc web, haur\u00edeu d&#8217;evitar la pujada d&#8217;imatges amb les dades d&#8217;ubicaci\u00f3 incrustades (EXIF GPS) incloses. Els visitants del lloc web poden descarregar i extreure qualsevol dada d&#8217;ubicaci\u00f3 d&#8217;imatges del lloc web.<\/p>\n\n\n\n<h3 class=\"wp-block-heading\">Formularis de contacte<\/h3>\n\n\n\n<h3 class=\"wp-block-heading\">Galetes<\/h3>\n\n\n\n<p>Si deixeu un comentari al nostre lloc web, podeu optar per desar el vostre nom, adre\u00e7a de correu electr\u00f2nic i lloc web en galetes. Aquestes s\u00f3n per a la vostra comoditat, de manera que no h\u00e0giu d&#8217;emplenar els detalls de nou quan deixeu un altre comentari. Aquestes galetes duraran un any.<\/p>\n\n\n\n<p>Si visiteu la nostra p\u00e0gina d&#8217;inici de sessi\u00f3, establirem una galeta temporal per determinar si el vostre navegador accepta galetes. Aquesta galeta no cont\u00e9 dades personals i es descarta quan tanqueu el navegador.<\/p>\n\n\n\n<p>Quan inicieu sessi\u00f3, tamb\u00e9 configurarem diverses galetes per desar la informaci\u00f3 d&#8217;inici de sessi\u00f3 i les opcions de visualitzaci\u00f3 de la pantalla. Les galetes d&#8217;inici de sessi\u00f3 duren dos dies i les galetes d&#8217;opcions de pantalla duren un any. Si seleccioneu &#8220;Recorda&#8217;m&#8221;, el vostre inici de sessi\u00f3 persistir\u00e0 durant dues setmanes. Si tanqueu la sessi\u00f3 del vostre compte, s&#8217;eliminaran les galetes d&#8217;inici de sessi\u00f3.<\/p>\n\n\n\n<p>Si editeu o publiqueu un article, es desar\u00e0 una galeta addicional al navegador. Aquesta galeta no inclou dades personals i simplement indica l&#8217;identificador de l&#8217;entrada de l&#8217;article que acabeu d&#8217;editar. Acaba al cap d&#8217;1 dia.<\/p>\n\n\n\n<h3 class=\"wp-block-heading\">Contingut incrustat d&#8217;altres llocs web<\/h3>\n\n\n\n<p>Els articles d&#8217;aquest lloc poden incloure contingut incrustat (p. ex. v\u00eddeos, imatges, articles, etc.). El contingut incrustat d&#8217;altres llocs web es comporta de la mateixa manera que si el visitant ha visitat l&#8217;altre lloc web.<\/p>\n\n\n\n<p>Aquests llocs web poden recopilar dades sobre v\u00f3s, utilitzar galetes, incrustar seguiment addicional de tercers i controlar la vostra interacci\u00f3 amb aquest contingut incrustat, incloent el seguiment de la vostra interacci\u00f3 amb el contingut incrustat si teniu un compte i esteu connectat a aquest lloc web.<\/p>\n\n\n\n<h3 class=\"wp-block-heading\">Anal\u00edtiques<\/h3>\n\n\n\n<h2 class=\"wp-block-heading\">Amb qui compartim les vostres dades<\/h2>\n\n\n\n<h2 class=\"wp-block-heading\">Quant de temps retenen les dades<\/h2>\n\n\n\n<p>Si deixeu un comentari, el comentari i les seves metadades es mantenen indefinidament. Aix\u00f2 \u00e9s perqu\u00e8 puguem recon\u00e8ixer i aprovar autom\u00e0ticament qualsevol comentari de seguiment en lloc de mantenir-los en una cua de moderaci\u00f3.<\/p>\n\n\n\n<p>Per als usuaris que es registrin al nostre lloc web (si n&#8217;hi ha cap), tamb\u00e9 emmagatzemem la informaci\u00f3 personal que proporcionen al seu perfil d&#8217;usuari. Tots els usuaris poden veure, editar o suprimir la seva informaci\u00f3 personal en qualsevol moment (excepte que no poden canviar el seu nom d&#8217;usuari). Els administradors del lloc web tamb\u00e9 poden veure i editar aquesta informaci\u00f3.<\/p>\n\n\n\n<h2 class=\"wp-block-heading\">Quins drets teniu sobre les vostres dades<\/h2>\n\n\n\n<p>Si teniu un compte en aquest lloc, o heu deixat comentaris, podeu sol\u00b7licitar rebre un fitxer exportat de les dades personals que tenim sobre v\u00f3s, incloent-hi qualsevol dada que h\u00e0giu proporcionat. Tamb\u00e9 podeu sol\u00b7licitar que esborrem les dades personals que tinguem sobre v\u00f3s. Aix\u00f2 no inclou cap dada que estiguem obligats a conservar per a fins administratius, legals o de seguretat.<\/p>\n\n\n\n<h2 class=\"wp-block-heading\">On enviem les vostres dades<\/h2>\n\n\n\n<p>Els comentaris dels visitants es poden comprovar mitjan\u00e7ant un servei de detecci\u00f3 de correu brossa autom\u00e0tic.<\/p>\n\n\n\n<h2 class=\"wp-block-heading\">La vostra informaci\u00f3 de contacte<\/h2>\n\n\n\n<h2 class=\"wp-block-heading\">Informaci\u00f3 addicional<\/h2>\n\n\n\n<h3 class=\"wp-block-heading\">Com protegim les vostres dades<\/h3>\n\n\n\n<h3 class=\"wp-block-heading\">Quins procediments de violaci\u00f3 de dades tenim en marxa<\/h3>\n\n\n\n<h3 class=\"wp-block-heading\">De quins tercers rebem dades<\/h3>\n\n\n\n<h3 class=\"wp-block-heading\">Quina presa de decisions i\/o perfil autom\u00e0tic fem amb les dades de l&#8217;usuari<\/h3>\n\n\n\n<h3 class=\"wp-block-heading\">Requisits d&#8217;informaci\u00f3 reguladora de la ind\u00fastria<\/h3>\n","protected":false},"excerpt":{"rendered":"<p>Qui som La nostra adre\u00e7a web \u00e9s: http:\/\/vinemp.com. Quines dades personals recopilem i per qu\u00e8 les recopilem Comentaris Quan els&#8230;<\/p>\n","protected":false},"author":1,"featured_media":0,"parent":0,"menu_order":0,"comment_status":"closed","ping_status":"closed","template":"","meta":{"footnotes":""},"class_list":["post-12772","page","type-page","status-publish","hentry"],"yoast_head":"<!-- This site is optimized with the Yoast SEO plugin v27.4 - https:\/\/yoast.com\/product\/yoast-seo-wordpress\/ -->\n<title>Pol\u00edtica de Privacitat - Vinemp - Empresa de art\u00edculos decorativos para pasteler\u00edas y decoraci\u00f3n de escaparates.<\/title>\n<meta name=\"robots\" content=\"index, follow, max-snippet:-1, max-image-preview:large, max-video-preview:-1\" \/>\n<link rel=\"canonical\" href=\"https:\/\/vinemp.com\/ca\/politica-privacidad\" \/>\n<meta property=\"og:locale\" content=\"ca_ES\" \/>\n<meta property=\"og:type\" content=\"article\" \/>\n<meta property=\"og:title\" content=\"Pol\u00edtica de Privacitat - Vinemp - Empresa de art\u00edculos decorativos para pasteler\u00edas y decoraci\u00f3n de escaparates.\" \/>\n<meta property=\"og:description\" content=\"Qui som La nostra adre\u00e7a web \u00e9s: http:\/\/vinemp.com. Quines dades personals recopilem i per qu\u00e8 les recopilem Comentaris Quan els...\" \/>\n<meta property=\"og:url\" content=\"https:\/\/vinemp.com\/ca\/politica-privacidad\" \/>\n<meta property=\"og:site_name\" content=\"Vinemp - Empresa de art\u00edculos decorativos para pasteler\u00edas y decoraci\u00f3n de escaparates.\" \/>\n<meta property=\"article:modified_time\" content=\"2023-02-19T10:45:16+00:00\" \/>\n<meta name=\"twitter:card\" content=\"summary_large_image\" \/>\n<meta name=\"twitter:label1\" content=\"Temps estimat de lectura\" \/>\n\t<meta name=\"twitter:data1\" content=\"3 minuts\" \/>\n<script type=\"application\/ld+json\" class=\"yoast-schema-graph\">{\"@context\":\"https:\\\/\\\/schema.org\",\"@graph\":[{\"@type\":\"WebPage\",\"@id\":\"https:\\\/\\\/vinemp.com\\\/ca\\\/politica-privacidad\",\"url\":\"https:\\\/\\\/vinemp.com\\\/ca\\\/politica-privacidad\",\"name\":\"Pol\u00edtica de Privacitat - Vinemp - Empresa de art\u00edculos decorativos para pasteler\u00edas y decoraci\u00f3n de escaparates.\",\"isPartOf\":{\"@id\":\"https:\\\/\\\/vinemp.com\\\/ca#website\"},\"datePublished\":\"2020-11-15T16:02:10+00:00\",\"dateModified\":\"2023-02-19T10:45:16+00:00\",\"breadcrumb\":{\"@id\":\"https:\\\/\\\/vinemp.com\\\/ca\\\/politica-privacidad#breadcrumb\"},\"inLanguage\":\"ca\",\"potentialAction\":[{\"@type\":\"ReadAction\",\"target\":[\"https:\\\/\\\/vinemp.com\\\/ca\\\/politica-privacidad\"]}]},{\"@type\":\"BreadcrumbList\",\"@id\":\"https:\\\/\\\/vinemp.com\\\/ca\\\/politica-privacidad#breadcrumb\",\"itemListElement\":[{\"@type\":\"ListItem\",\"position\":1,\"name\":\"Portada\",\"item\":\"https:\\\/\\\/vinemp.com\\\/ca\"},{\"@type\":\"ListItem\",\"position\":2,\"name\":\"Pol\u00edtica de Privacitat\"}]},{\"@type\":\"WebSite\",\"@id\":\"https:\\\/\\\/vinemp.com\\\/ca#website\",\"url\":\"https:\\\/\\\/vinemp.com\\\/ca\",\"name\":\"Vinemp - Tienda de art\u00edculos de decoraci\u00f3n\",\"description\":\"Empresa de art\u00edculos decorativos para pasteler\u00edas y decoraci\u00f3n de escaparates.\",\"publisher\":{\"@id\":\"https:\\\/\\\/vinemp.com\\\/ca#organization\"},\"potentialAction\":[{\"@type\":\"SearchAction\",\"target\":{\"@type\":\"EntryPoint\",\"urlTemplate\":\"https:\\\/\\\/vinemp.com\\\/ca?s={search_term_string}\"},\"query-input\":{\"@type\":\"PropertyValueSpecification\",\"valueRequired\":true,\"valueName\":\"search_term_string\"}}],\"inLanguage\":\"ca\"},{\"@type\":\"Organization\",\"@id\":\"https:\\\/\\\/vinemp.com\\\/ca#organization\",\"name\":\"Vinemp - Tienda de art\u00edculos de decoraci\u00f3n\",\"url\":\"https:\\\/\\\/vinemp.com\\\/ca\",\"logo\":{\"@type\":\"ImageObject\",\"inLanguage\":\"ca\",\"@id\":\"https:\\\/\\\/vinemp.com\\\/ca#\\\/schema\\\/logo\\\/image\\\/\",\"url\":\"https:\\\/\\\/vinemp.com\\\/wp-content\\\/uploads\\\/2023\\\/02\\\/cropped-vinemp-logo.png\",\"contentUrl\":\"https:\\\/\\\/vinemp.com\\\/wp-content\\\/uploads\\\/2023\\\/02\\\/cropped-vinemp-logo.png\",\"width\":758,\"height\":376,\"caption\":\"Vinemp - Tienda de art\u00edculos de decoraci\u00f3n\"},\"image\":{\"@id\":\"https:\\\/\\\/vinemp.com\\\/ca#\\\/schema\\\/logo\\\/image\\\/\"}}]}<\/script>\n<!-- \/ Yoast SEO plugin. -->","yoast_head_json":{"title":"Pol\u00edtica de Privacitat - Vinemp - Empresa de art\u00edculos decorativos para pasteler\u00edas y decoraci\u00f3n de escaparates.","robots":{"index":"index","follow":"follow","max-snippet":"max-snippet:-1","max-image-preview":"max-image-preview:large","max-video-preview":"max-video-preview:-1"},"canonical":"https:\/\/vinemp.com\/ca\/politica-privacidad","og_locale":"ca_ES","og_type":"article","og_title":"Pol\u00edtica de Privacitat - Vinemp - Empresa de art\u00edculos decorativos para pasteler\u00edas y decoraci\u00f3n de escaparates.","og_description":"Qui som La nostra adre\u00e7a web \u00e9s: http:\/\/vinemp.com. Quines dades personals recopilem i per qu\u00e8 les recopilem Comentaris Quan els...","og_url":"https:\/\/vinemp.com\/ca\/politica-privacidad","og_site_name":"Vinemp - Empresa de art\u00edculos decorativos para pasteler\u00edas y decoraci\u00f3n de escaparates.","article_modified_time":"2023-02-19T10:45:16+00:00","twitter_card":"summary_large_image","twitter_misc":{"Temps estimat de lectura":"3 minuts"},"schema":{"@context":"https:\/\/schema.org","@graph":[{"@type":"WebPage","@id":"https:\/\/vinemp.com\/ca\/politica-privacidad","url":"https:\/\/vinemp.com\/ca\/politica-privacidad","name":"Pol\u00edtica de Privacitat - Vinemp - Empresa de art\u00edculos decorativos para pasteler\u00edas y decoraci\u00f3n de escaparates.","isPartOf":{"@id":"https:\/\/vinemp.com\/ca#website"},"datePublished":"2020-11-15T16:02:10+00:00","dateModified":"2023-02-19T10:45:16+00:00","breadcrumb":{"@id":"https:\/\/vinemp.com\/ca\/politica-privacidad#breadcrumb"},"inLanguage":"ca","potentialAction":[{"@type":"ReadAction","target":["https:\/\/vinemp.com\/ca\/politica-privacidad"]}]},{"@type":"BreadcrumbList","@id":"https:\/\/vinemp.com\/ca\/politica-privacidad#breadcrumb","itemListElement":[{"@type":"ListItem","position":1,"name":"Portada","item":"https:\/\/vinemp.com\/ca"},{"@type":"ListItem","position":2,"name":"Pol\u00edtica de Privacitat"}]},{"@type":"WebSite","@id":"https:\/\/vinemp.com\/ca#website","url":"https:\/\/vinemp.com\/ca","name":"Vinemp - Tienda de art\u00edculos de decoraci\u00f3n","description":"Empresa de art\u00edculos decorativos para pasteler\u00edas y decoraci\u00f3n de escaparates.","publisher":{"@id":"https:\/\/vinemp.com\/ca#organization"},"potentialAction":[{"@type":"SearchAction","target":{"@type":"EntryPoint","urlTemplate":"https:\/\/vinemp.com\/ca?s={search_term_string}"},"query-input":{"@type":"PropertyValueSpecification","valueRequired":true,"valueName":"search_term_string"}}],"inLanguage":"ca"},{"@type":"Organization","@id":"https:\/\/vinemp.com\/ca#organization","name":"Vinemp - Tienda de art\u00edculos de decoraci\u00f3n","url":"https:\/\/vinemp.com\/ca","logo":{"@type":"ImageObject","inLanguage":"ca","@id":"https:\/\/vinemp.com\/ca#\/schema\/logo\/image\/","url":"https:\/\/vinemp.com\/wp-content\/uploads\/2023\/02\/cropped-vinemp-logo.png","contentUrl":"https:\/\/vinemp.com\/wp-content\/uploads\/2023\/02\/cropped-vinemp-logo.png","width":758,"height":376,"caption":"Vinemp - Tienda de art\u00edculos de decoraci\u00f3n"},"image":{"@id":"https:\/\/vinemp.com\/ca#\/schema\/logo\/image\/"}}]}},"_links":{"self":[{"href":"https:\/\/vinemp.com\/ca\/wp-json\/wp\/v2\/pages\/12772","targetHints":{"allow":["GET"]}}],"collection":[{"href":"https:\/\/vinemp.com\/ca\/wp-json\/wp\/v2\/pages"}],"about":[{"href":"https:\/\/vinemp.com\/ca\/wp-json\/wp\/v2\/types\/page"}],"author":[{"embeddable":true,"href":"https:\/\/vinemp.com\/ca\/wp-json\/wp\/v2\/users\/1"}],"replies":[{"embeddable":true,"href":"https:\/\/vinemp.com\/ca\/wp-json\/wp\/v2\/comments?post=12772"}],"version-history":[{"count":0,"href":"https:\/\/vinemp.com\/ca\/wp-json\/wp\/v2\/pages\/12772\/revisions"}],"wp:attachment":[{"href":"https:\/\/vinemp.com\/ca\/wp-json\/wp\/v2\/media?parent=12772"}],"curies":[{"name":"wp","href":"https:\/\/api.w.org\/{rel}","templated":true}]}}